{"id":362,"date":"2024-12-11T15:21:06","date_gmt":"2024-12-11T14:21:06","guid":{"rendered":"http:\/\/www.latroupelegendes.com\/?page_id=362"},"modified":"2024-12-12T15:57:33","modified_gmt":"2024-12-12T14:57:33","slug":"les-explorateurs-de-noel-2023","status":"publish","type":"page","link":"https:\/\/www.latroupelegendes.com\/index.php\/les-explorateurs-de-noel-2023\/","title":{"rendered":"No\u00ebl 2023 &#8211; Les Explorateurs de No\u00ebl"},"content":{"rendered":"\n<div class=\"wp-block-media-text is-stacked-on-mobile\" style=\"grid-template-columns:32% auto\"><figure class=\"wp-block-media-text__media\"><img loading=\"lazy\" decoding=\"async\" width=\"724\" height=\"1024\" src=\"http:\/\/www.latroupelegendes.com\/wp-content\/uploads\/2024\/12\/AfficheLegendesExploMartres-1-724x1024.jpg\" alt=\"\" class=\"wp-image-363 size-full\" srcset=\"https:\/\/www.latroupelegendes.com\/wp-content\/uploads\/2024\/12\/AfficheLegendesExploMartres-1-724x1024.jpg 724w, https:\/\/www.latroupelegendes.com\/wp-content\/uploads\/2024\/12\/AfficheLegendesExploMartres-1-212x300.jpg 212w, https:\/\/www.latroupelegendes.com\/wp-content\/uploads\/2024\/12\/AfficheLegendesExploMartres-1-768x1086.jpg 768w, https:\/\/www.latroupelegendes.com\/wp-content\/uploads\/2024\/12\/AfficheLegendesExploMartres-1-1086x1536.jpg 1086w, https:\/\/www.latroupelegendes.com\/wp-content\/uploads\/2024\/12\/AfficheLegendesExploMartres-1-1448x2048.jpg 1448w, https:\/\/www.latroupelegendes.com\/wp-content\/uploads\/2024\/12\/AfficheLegendesExploMartres-1-scaled.jpg 1810w\" sizes=\"auto, (max-width: 724px) 100vw, 724px\" \/><\/figure><div class=\"wp-block-media-text__content\">\n<p><strong>Les Explorateurs des r\u00eaves<\/strong><\/p>\n\n\n\n<p>Carbonne 3 d\u00e9cembre 2023<\/p>\n\n\n\n<p>Martres-Tolosane 9 mars 2024<\/p>\n\n\n\n<p>Mondavezan 30 mars 2024<\/p>\n<\/div><\/div>\n\n\n\n<p>Les Explorateurs arrivent d&#8217;un temps lointain qui n&#8217;est fait que d&#8217;aventures et d&#8217;inventions.<\/p>\n\n\n\n<p>Ils ont besoin de vos r\u00eaves pour continuer leur beau voyage.<\/p>\n\n\n\n<p>Une quinzaine de personnages, affubl\u00e9s de magnifiques costumes ont d\u00e9ambul\u00e9 dans les rues, et ont propos\u00e9 une mise en sc\u00e8ne <strong>qui a fait voyager et r\u00eaver les plus petits<\/strong> comme les plus grands.<\/p>\n\n\n\n<figure class=\"wp-block-embed is-type-video is-provider-youtube wp-block-embed-youtube wp-embed-aspect-16-9 wp-has-aspect-ratio\"><div class=\"wp-block-embed__wrapper\">\n<div class=\"ast-oembed-container\" style=\"height: 100%;\"><iframe loading=\"lazy\" title=\"Teaser &quot;Les explorateurs de r\u00eaves&quot;\" width=\"500\" height=\"281\" src=\"https:\/\/www.youtube.com\/embed\/QEHUamcL7ng?feature=oembed\" frameborder=\"0\" allow=\"accelerometer; autoplay; clipboard-write; encrypted-media; gyroscope; picture-in-picture; web-share\" referrerpolicy=\"strict-origin-when-cross-origin\" allowfullscreen><\/iframe><\/div>\n<\/div><\/figure>\n\n\n\n<figure class=\"wp-block-gallery has-nested-images columns-default is-cropped wp-block-gallery-1 is-layout-flex wp-block-gallery-is-layout-flex\">\n<figure class=\"wp-block-image size-large\"><img loading=\"lazy\" decoding=\"async\" width=\"1024\" height=\"683\" data-id=\"98\" src=\"http:\/\/www.latroupelegendes.com\/wp-content\/uploads\/2024\/12\/IMG_2592-1024x683.jpg\" alt=\"\" class=\"wp-image-98\" srcset=\"https:\/\/www.latroupelegendes.com\/wp-content\/uploads\/2024\/12\/IMG_2592-1024x683.jpg 1024w, https:\/\/www.latroupelegendes.com\/wp-content\/uploads\/2024\/12\/IMG_2592-300x200.jpg 300w, https:\/\/www.latroupelegendes.com\/wp-content\/uploads\/2024\/12\/IMG_2592-768x512.jpg 768w, https:\/\/www.latroupelegendes.com\/wp-content\/uploads\/2024\/12\/IMG_2592-1536x1024.jpg 1536w, https:\/\/www.latroupelegendes.com\/wp-content\/uploads\/2024\/12\/IMG_2592-2048x1365.jpg 2048w\" sizes=\"auto, (max-width: 1024px) 100vw, 1024px\" \/><\/figure>\n\n\n\n<figure class=\"wp-block-image size-large\"><img loading=\"lazy\" decoding=\"async\" width=\"1024\" height=\"683\" data-id=\"97\" src=\"http:\/\/www.latroupelegendes.com\/wp-content\/uploads\/2024\/12\/IMG_2600-1024x683.jpg\" alt=\"\" class=\"wp-image-97\" srcset=\"https:\/\/www.latroupelegendes.com\/wp-content\/uploads\/2024\/12\/IMG_2600-1024x683.jpg 1024w, https:\/\/www.latroupelegendes.com\/wp-content\/uploads\/2024\/12\/IMG_2600-300x200.jpg 300w, https:\/\/www.latroupelegendes.com\/wp-content\/uploads\/2024\/12\/IMG_2600-768x512.jpg 768w, https:\/\/www.latroupelegendes.com\/wp-content\/uploads\/2024\/12\/IMG_2600-1536x1024.jpg 1536w, https:\/\/www.latroupelegendes.com\/wp-content\/uploads\/2024\/12\/IMG_2600-2048x1365.jpg 2048w\" sizes=\"auto, (max-width: 1024px) 100vw, 1024px\" \/><\/figure>\n\n\n\n<figure class=\"wp-block-image size-large\"><img loading=\"lazy\" decoding=\"async\" width=\"1024\" height=\"683\" data-id=\"96\" src=\"http:\/\/www.latroupelegendes.com\/wp-content\/uploads\/2024\/12\/IMG_2598-1024x683.jpg\" alt=\"\" class=\"wp-image-96\" srcset=\"https:\/\/www.latroupelegendes.com\/wp-content\/uploads\/2024\/12\/IMG_2598-1024x683.jpg 1024w, https:\/\/www.latroupelegendes.com\/wp-content\/uploads\/2024\/12\/IMG_2598-300x200.jpg 300w, https:\/\/www.latroupelegendes.com\/wp-content\/uploads\/2024\/12\/IMG_2598-768x512.jpg 768w, https:\/\/www.latroupelegendes.com\/wp-content\/uploads\/2024\/12\/IMG_2598-1536x1024.jpg 1536w, https:\/\/www.latroupelegendes.com\/wp-content\/uploads\/2024\/12\/IMG_2598-2048x1365.jpg 2048w\" sizes=\"auto, (max-width: 1024px) 100vw, 1024px\" \/><\/figure>\n\n\n\n<figure class=\"wp-block-image size-large\"><img loading=\"lazy\" decoding=\"async\" width=\"1024\" height=\"683\" data-id=\"95\" src=\"http:\/\/www.latroupelegendes.com\/wp-content\/uploads\/2024\/12\/IMG_2587-1024x683.jpg\" alt=\"\" class=\"wp-image-95\" srcset=\"https:\/\/www.latroupelegendes.com\/wp-content\/uploads\/2024\/12\/IMG_2587-1024x683.jpg 1024w, https:\/\/www.latroupelegendes.com\/wp-content\/uploads\/2024\/12\/IMG_2587-300x200.jpg 300w, https:\/\/www.latroupelegendes.com\/wp-content\/uploads\/2024\/12\/IMG_2587-768x512.jpg 768w, https:\/\/www.latroupelegendes.com\/wp-content\/uploads\/2024\/12\/IMG_2587-1536x1024.jpg 1536w, https:\/\/www.latroupelegendes.com\/wp-content\/uploads\/2024\/12\/IMG_2587-2048x1365.jpg 2048w\" sizes=\"auto, (max-width: 1024px) 100vw, 1024px\" \/><\/figure>\n\n\n\n<figure class=\"wp-block-image size-large\"><img loading=\"lazy\" decoding=\"async\" width=\"1024\" height=\"683\" data-id=\"94\" src=\"http:\/\/www.latroupelegendes.com\/wp-content\/uploads\/2024\/12\/IMG_2584-1024x683.jpg\" alt=\"\" class=\"wp-image-94\" srcset=\"https:\/\/www.latroupelegendes.com\/wp-content\/uploads\/2024\/12\/IMG_2584-1024x683.jpg 1024w, https:\/\/www.latroupelegendes.com\/wp-content\/uploads\/2024\/12\/IMG_2584-300x200.jpg 300w, https:\/\/www.latroupelegendes.com\/wp-content\/uploads\/2024\/12\/IMG_2584-768x512.jpg 768w, https:\/\/www.latroupelegendes.com\/wp-content\/uploads\/2024\/12\/IMG_2584-1536x1024.jpg 1536w, https:\/\/www.latroupelegendes.com\/wp-content\/uploads\/2024\/12\/IMG_2584-2048x1365.jpg 2048w\" sizes=\"auto, (max-width: 1024px) 100vw, 1024px\" \/><\/figure>\n\n\n\n<figure class=\"wp-block-image size-large\"><img loading=\"lazy\" decoding=\"async\" width=\"1024\" height=\"683\" data-id=\"93\" src=\"http:\/\/www.latroupelegendes.com\/wp-content\/uploads\/2024\/12\/IMG_2579-1024x683.jpg\" alt=\"\" class=\"wp-image-93\" srcset=\"https:\/\/www.latroupelegendes.com\/wp-content\/uploads\/2024\/12\/IMG_2579-1024x683.jpg 1024w, https:\/\/www.latroupelegendes.com\/wp-content\/uploads\/2024\/12\/IMG_2579-300x200.jpg 300w, https:\/\/www.latroupelegendes.com\/wp-content\/uploads\/2024\/12\/IMG_2579-768x512.jpg 768w, https:\/\/www.latroupelegendes.com\/wp-content\/uploads\/2024\/12\/IMG_2579-1536x1024.jpg 1536w, https:\/\/www.latroupelegendes.com\/wp-content\/uploads\/2024\/12\/IMG_2579-2048x1365.jpg 2048w\" sizes=\"auto, (max-width: 1024px) 100vw, 1024px\" \/><\/figure>\n\n\n\n<figure class=\"wp-block-image size-large\"><img loading=\"lazy\" decoding=\"async\" width=\"1024\" height=\"683\" data-id=\"88\" src=\"http:\/\/www.latroupelegendes.com\/wp-content\/uploads\/2024\/12\/IMG_2550-1024x683.jpg\" alt=\"\" class=\"wp-image-88\" srcset=\"https:\/\/www.latroupelegendes.com\/wp-content\/uploads\/2024\/12\/IMG_2550-1024x683.jpg 1024w, https:\/\/www.latroupelegendes.com\/wp-content\/uploads\/2024\/12\/IMG_2550-300x200.jpg 300w, https:\/\/www.latroupelegendes.com\/wp-content\/uploads\/2024\/12\/IMG_2550-768x512.jpg 768w, https:\/\/www.latroupelegendes.com\/wp-content\/uploads\/2024\/12\/IMG_2550-1536x1024.jpg 1536w, https:\/\/www.latroupelegendes.com\/wp-content\/uploads\/2024\/12\/IMG_2550-2048x1365.jpg 2048w\" sizes=\"auto, (max-width: 1024px) 100vw, 1024px\" \/><\/figure>\n\n\n\n<figure class=\"wp-block-image size-large\"><img loading=\"lazy\" decoding=\"async\" width=\"1024\" height=\"683\" data-id=\"87\" src=\"http:\/\/www.latroupelegendes.com\/wp-content\/uploads\/2024\/12\/IMG_2562-1024x683.jpg\" alt=\"\" class=\"wp-image-87\" srcset=\"https:\/\/www.latroupelegendes.com\/wp-content\/uploads\/2024\/12\/IMG_2562-1024x683.jpg 1024w, https:\/\/www.latroupelegendes.com\/wp-content\/uploads\/2024\/12\/IMG_2562-300x200.jpg 300w, https:\/\/www.latroupelegendes.com\/wp-content\/uploads\/2024\/12\/IMG_2562-768x512.jpg 768w, https:\/\/www.latroupelegendes.com\/wp-content\/uploads\/2024\/12\/IMG_2562-1536x1024.jpg 1536w, https:\/\/www.latroupelegendes.com\/wp-content\/uploads\/2024\/12\/IMG_2562-2048x1365.jpg 2048w\" sizes=\"auto, (max-width: 1024px) 100vw, 1024px\" \/><\/figure>\n\n\n\n<figure class=\"wp-block-image size-large\"><img loading=\"lazy\" decoding=\"async\" width=\"1024\" height=\"683\" data-id=\"89\" src=\"http:\/\/www.latroupelegendes.com\/wp-content\/uploads\/2024\/12\/IMG_2566-1024x683.jpg\" alt=\"\" class=\"wp-image-89\" srcset=\"https:\/\/www.latroupelegendes.com\/wp-content\/uploads\/2024\/12\/IMG_2566-1024x683.jpg 1024w, https:\/\/www.latroupelegendes.com\/wp-content\/uploads\/2024\/12\/IMG_2566-300x200.jpg 300w, https:\/\/www.latroupelegendes.com\/wp-content\/uploads\/2024\/12\/IMG_2566-768x512.jpg 768w, https:\/\/www.latroupelegendes.com\/wp-content\/uploads\/2024\/12\/IMG_2566-1536x1024.jpg 1536w, https:\/\/www.latroupelegendes.com\/wp-content\/uploads\/2024\/12\/IMG_2566-2048x1365.jpg 2048w\" sizes=\"auto, (max-width: 1024px) 100vw, 1024px\" \/><\/figure>\n\n\n\n<figure class=\"wp-block-image size-large\"><img loading=\"lazy\" decoding=\"async\" width=\"1024\" height=\"683\" data-id=\"90\" src=\"http:\/\/www.latroupelegendes.com\/wp-content\/uploads\/2024\/12\/IMG_2576-1024x683.jpg\" alt=\"\" class=\"wp-image-90\" srcset=\"https:\/\/www.latroupelegendes.com\/wp-content\/uploads\/2024\/12\/IMG_2576-1024x683.jpg 1024w, https:\/\/www.latroupelegendes.com\/wp-content\/uploads\/2024\/12\/IMG_2576-300x200.jpg 300w, https:\/\/www.latroupelegendes.com\/wp-content\/uploads\/2024\/12\/IMG_2576-768x512.jpg 768w, https:\/\/www.latroupelegendes.com\/wp-content\/uploads\/2024\/12\/IMG_2576-1536x1024.jpg 1536w, https:\/\/www.latroupelegendes.com\/wp-content\/uploads\/2024\/12\/IMG_2576-2048x1365.jpg 2048w\" sizes=\"auto, (max-width: 1024px) 100vw, 1024px\" \/><\/figure>\n\n\n\n<figure class=\"wp-block-image size-large\"><img loading=\"lazy\" decoding=\"async\" width=\"1024\" height=\"683\" data-id=\"91\" src=\"http:\/\/www.latroupelegendes.com\/wp-content\/uploads\/2024\/12\/IMG_2546-1024x683.jpg\" alt=\"\" class=\"wp-image-91\" srcset=\"https:\/\/www.latroupelegendes.com\/wp-content\/uploads\/2024\/12\/IMG_2546-1024x683.jpg 1024w, https:\/\/www.latroupelegendes.com\/wp-content\/uploads\/2024\/12\/IMG_2546-300x200.jpg 300w, https:\/\/www.latroupelegendes.com\/wp-content\/uploads\/2024\/12\/IMG_2546-768x512.jpg 768w, https:\/\/www.latroupelegendes.com\/wp-content\/uploads\/2024\/12\/IMG_2546-1536x1024.jpg 1536w, https:\/\/www.latroupelegendes.com\/wp-content\/uploads\/2024\/12\/IMG_2546-2048x1365.jpg 2048w\" sizes=\"auto, (max-width: 1024px) 100vw, 1024px\" \/><\/figure>\n\n\n\n<figure class=\"wp-block-image size-large\"><img loading=\"lazy\" decoding=\"async\" width=\"1024\" height=\"683\" data-id=\"92\" src=\"http:\/\/www.latroupelegendes.com\/wp-content\/uploads\/2024\/12\/IMG_2556-1024x683.jpg\" alt=\"\" class=\"wp-image-92\" srcset=\"https:\/\/www.latroupelegendes.com\/wp-content\/uploads\/2024\/12\/IMG_2556-1024x683.jpg 1024w, https:\/\/www.latroupelegendes.com\/wp-content\/uploads\/2024\/12\/IMG_2556-300x200.jpg 300w, https:\/\/www.latroupelegendes.com\/wp-content\/uploads\/2024\/12\/IMG_2556-768x512.jpg 768w, https:\/\/www.latroupelegendes.com\/wp-content\/uploads\/2024\/12\/IMG_2556-1536x1024.jpg 1536w, https:\/\/www.latroupelegendes.com\/wp-content\/uploads\/2024\/12\/IMG_2556-2048x1365.jpg 2048w\" sizes=\"auto, (max-width: 1024px) 100vw, 1024px\" \/><\/figure>\n\n\n\n<figure class=\"wp-block-image size-large\"><img loading=\"lazy\" decoding=\"async\" width=\"1024\" height=\"768\" data-id=\"395\" src=\"http:\/\/www.latroupelegendes.com\/wp-content\/uploads\/2024\/12\/20231201_202030-1024x768.jpg\" alt=\"\" class=\"wp-image-395\" srcset=\"https:\/\/www.latroupelegendes.com\/wp-content\/uploads\/2024\/12\/20231201_202030-1024x768.jpg 1024w, https:\/\/www.latroupelegendes.com\/wp-content\/uploads\/2024\/12\/20231201_202030-300x225.jpg 300w, https:\/\/www.latroupelegendes.com\/wp-content\/uploads\/2024\/12\/20231201_202030-768x576.jpg 768w, https:\/\/www.latroupelegendes.com\/wp-content\/uploads\/2024\/12\/20231201_202030-1536x1152.jpg 1536w, https:\/\/www.latroupelegendes.com\/wp-content\/uploads\/2024\/12\/20231201_202030-2048x1536.jpg 2048w\" sizes=\"auto, (max-width: 1024px) 100vw, 1024px\" \/><\/figure>\n\n\n\n<figure class=\"wp-block-image size-large\"><img loading=\"lazy\" decoding=\"async\" width=\"1024\" height=\"768\" data-id=\"396\" src=\"http:\/\/www.latroupelegendes.com\/wp-content\/uploads\/2024\/12\/20231203_094942-1024x768.jpg\" alt=\"\" class=\"wp-image-396\" srcset=\"https:\/\/www.latroupelegendes.com\/wp-content\/uploads\/2024\/12\/20231203_094942-1024x768.jpg 1024w, https:\/\/www.latroupelegendes.com\/wp-content\/uploads\/2024\/12\/20231203_094942-300x225.jpg 300w, https:\/\/www.latroupelegendes.com\/wp-content\/uploads\/2024\/12\/20231203_094942-768x576.jpg 768w, https:\/\/www.latroupelegendes.com\/wp-content\/uploads\/2024\/12\/20231203_094942-1536x1152.jpg 1536w, https:\/\/www.latroupelegendes.com\/wp-content\/uploads\/2024\/12\/20231203_094942-2048x1536.jpg 2048w\" sizes=\"auto, (max-width: 1024px) 100vw, 1024px\" \/><\/figure>\n\n\n\n<figure class=\"wp-block-image size-large\"><img loading=\"lazy\" decoding=\"async\" width=\"1024\" height=\"768\" data-id=\"397\" src=\"http:\/\/www.latroupelegendes.com\/wp-content\/uploads\/2024\/12\/20231203_171135-1024x768.jpg\" alt=\"\" class=\"wp-image-397\" srcset=\"https:\/\/www.latroupelegendes.com\/wp-content\/uploads\/2024\/12\/20231203_171135-1024x768.jpg 1024w, https:\/\/www.latroupelegendes.com\/wp-content\/uploads\/2024\/12\/20231203_171135-300x225.jpg 300w, https:\/\/www.latroupelegendes.com\/wp-content\/uploads\/2024\/12\/20231203_171135-768x576.jpg 768w, https:\/\/www.latroupelegendes.com\/wp-content\/uploads\/2024\/12\/20231203_171135-1536x1152.jpg 1536w, https:\/\/www.latroupelegendes.com\/wp-content\/uploads\/2024\/12\/20231203_171135-2048x1536.jpg 2048w\" sizes=\"auto, (max-width: 1024px) 100vw, 1024px\" \/><\/figure>\n\n\n\n<figure class=\"wp-block-image size-large\"><img loading=\"lazy\" decoding=\"async\" width=\"1024\" height=\"683\" data-id=\"394\" src=\"http:\/\/www.latroupelegendes.com\/wp-content\/uploads\/2024\/12\/famille-nico-cadre-1024x683.jpg\" alt=\"\" class=\"wp-image-394\" srcset=\"https:\/\/www.latroupelegendes.com\/wp-content\/uploads\/2024\/12\/famille-nico-cadre-1024x683.jpg 1024w, https:\/\/www.latroupelegendes.com\/wp-content\/uploads\/2024\/12\/famille-nico-cadre-300x200.jpg 300w, https:\/\/www.latroupelegendes.com\/wp-content\/uploads\/2024\/12\/famille-nico-cadre-768x512.jpg 768w, https:\/\/www.latroupelegendes.com\/wp-content\/uploads\/2024\/12\/famille-nico-cadre-1536x1024.jpg 1536w, https:\/\/www.latroupelegendes.com\/wp-content\/uploads\/2024\/12\/famille-nico-cadre-2048x1365.jpg 2048w\" sizes=\"auto, (max-width: 1024px) 100vw, 1024px\" \/><\/figure>\n\n\n\n<figure class=\"wp-block-image size-large\"><img loading=\"lazy\" decoding=\"async\" width=\"576\" height=\"1024\" data-id=\"392\" src=\"http:\/\/www.latroupelegendes.com\/wp-content\/uploads\/2024\/12\/IMG-20231203-WA0081.jpg\" alt=\"\" class=\"wp-image-392\" srcset=\"https:\/\/www.latroupelegendes.com\/wp-content\/uploads\/2024\/12\/IMG-20231203-WA0081.jpg 576w, https:\/\/www.latroupelegendes.com\/wp-content\/uploads\/2024\/12\/IMG-20231203-WA0081-169x300.jpg 169w\" sizes=\"auto, (max-width: 576px) 100vw, 576px\" \/><\/figure>\n\n\n\n<figure class=\"wp-block-image size-large\"><img loading=\"lazy\" decoding=\"async\" width=\"1024\" height=\"577\" data-id=\"393\" src=\"http:\/\/www.latroupelegendes.com\/wp-content\/uploads\/2024\/12\/IMG-20231203-WA0101.jpg\" alt=\"\" class=\"wp-image-393\" srcset=\"https:\/\/www.latroupelegendes.com\/wp-content\/uploads\/2024\/12\/IMG-20231203-WA0101.jpg 1024w, https:\/\/www.latroupelegendes.com\/wp-content\/uploads\/2024\/12\/IMG-20231203-WA0101-300x169.jpg 300w, https:\/\/www.latroupelegendes.com\/wp-content\/uploads\/2024\/12\/IMG-20231203-WA0101-768x433.jpg 768w\" sizes=\"auto, (max-width: 1024px) 100vw, 1024px\" \/><\/figure>\n\n\n\n<figure class=\"wp-block-image size-large\"><img loading=\"lazy\" decoding=\"async\" width=\"768\" height=\"1024\" data-id=\"398\" src=\"http:\/\/www.latroupelegendes.com\/wp-content\/uploads\/2024\/12\/quetre-filles-cadre-768x1024.jpg\" alt=\"\" class=\"wp-image-398\" srcset=\"https:\/\/www.latroupelegendes.com\/wp-content\/uploads\/2024\/12\/quetre-filles-cadre-768x1024.jpg 768w, https:\/\/www.latroupelegendes.com\/wp-content\/uploads\/2024\/12\/quetre-filles-cadre-225x300.jpg 225w, https:\/\/www.latroupelegendes.com\/wp-content\/uploads\/2024\/12\/quetre-filles-cadre-1152x1536.jpg 1152w, https:\/\/www.latroupelegendes.com\/wp-content\/uploads\/2024\/12\/quetre-filles-cadre-1536x2048.jpg 1536w, https:\/\/www.latroupelegendes.com\/wp-content\/uploads\/2024\/12\/quetre-filles-cadre-scaled.jpg 1920w\" sizes=\"auto, (max-width: 768px) 100vw, 768px\" \/><\/figure>\n<\/figure>\n","protected":false},"excerpt":{"rendered":"<p>Les Explorateurs des r\u00eaves Carbonne 3 d\u00e9cembre 2023 Martres-Tolosane 9 mars 2024 Mondavezan 30 mars 2024 Les Explorateurs arrivent d&#8217;un temps lointain qui n&#8217;est fait que d&#8217;aventures et d&#8217;inventions. Ils ont besoin de vos r\u00eaves pour continuer leur beau voyage. Une quinzaine de personnages, affubl\u00e9s de magnifiques costumes ont d\u00e9ambul\u00e9 dans les rues, et ont &hellip;<\/p>\n<p class=\"read-more\"> <a class=\"\" href=\"https:\/\/www.latroupelegendes.com\/index.php\/les-explorateurs-de-noel-2023\/\"> <span class=\"screen-reader-text\">No\u00ebl 2023 &#8211; Les Explorateurs de No\u00ebl<\/span> Read More &raquo;<\/a><\/p>\n","protected":false},"author":1,"featured_media":0,"parent":0,"menu_order":0,"comment_status":"closed","ping_status":"closed","template":"","meta":{"site-sidebar-layout":"default","site-content-layout":"","ast-site-content-layout":"","site-content-style":"default","site-sidebar-style":"default","ast-global-header-display":"","ast-banner-title-visibility":"","ast-main-header-display":"","ast-hfb-above-header-display":"","ast-hfb-below-header-display":"","ast-hfb-mobile-header-display":"","site-post-title":"","ast-breadcrumbs-content":"","ast-featured-img":"","footer-sml-layout":"","theme-transparent-header-meta":"","adv-header-id-meta":"","stick-header-meta":"","header-above-stick-meta":"","header-main-stick-meta":"","header-below-stick-meta":"","astra-migrate-meta-layouts":"","ast-page-background-enabled":"default","ast-page-background-meta":{"desktop":{"background-color":"var(--ast-global-color-4)","background-image":"","background-repeat":"repeat","background-position":"center center","background-size":"auto","background-attachment":"scroll","background-type":"","background-media":"","overlay-type":"","overlay-color":"","overlay-gradient":""},"tablet":{"background-color":"","background-image":"","background-repeat":"repeat","background-position":"center center","background-size":"auto","background-attachment":"scroll","background-type":"","background-media":"","overlay-type":"","overlay-color":"","overlay-gradient":""},"mobile":{"background-color":"","background-image":"","background-repeat":"repeat","background-position":"center center","background-size":"auto","background-attachment":"scroll","background-type":"","background-media":"","overlay-type":"","overlay-color":"","overlay-gradient":""}},"ast-content-background-meta":{"desktop":{"background-color":"var(--ast-global-color-5)","background-image":"","background-repeat":"repeat","background-position":"center center","background-size":"auto","background-attachment":"scroll","background-type":"","background-media":"","overlay-type":"","overlay-color":"","overlay-gradient":""},"tablet":{"background-color":"var(--ast-global-color-5)","background-image":"","background-repeat":"repeat","background-position":"center center","background-size":"auto","background-attachment":"scroll","background-type":"","background-media":"","overlay-type":"","overlay-color":"","overlay-gradient":""},"mobile":{"background-color":"var(--ast-global-color-5)","background-image":"","background-repeat":"repeat","background-position":"center center","background-size":"auto","background-attachment":"scroll","background-type":"","background-media":"","overlay-type":"","overlay-color":"","overlay-gradient":""}},"footnotes":""},"class_list":["post-362","page","type-page","status-publish","hentry"],"_links":{"self":[{"href":"https:\/\/www.latroupelegendes.com\/index.php\/wp-json\/wp\/v2\/pages\/362","targetHints":{"allow":["GET"]}}],"collection":[{"href":"https:\/\/www.latroupelegendes.com\/index.php\/wp-json\/wp\/v2\/pages"}],"about":[{"href":"https:\/\/www.latroupelegendes.com\/index.php\/wp-json\/wp\/v2\/types\/page"}],"author":[{"embeddable":true,"href":"https:\/\/www.latroupelegendes.com\/index.php\/wp-json\/wp\/v2\/users\/1"}],"replies":[{"embeddable":true,"href":"https:\/\/www.latroupelegendes.com\/index.php\/wp-json\/wp\/v2\/comments?post=362"}],"version-history":[{"count":7,"href":"https:\/\/www.latroupelegendes.com\/index.php\/wp-json\/wp\/v2\/pages\/362\/revisions"}],"predecessor-version":[{"id":530,"href":"https:\/\/www.latroupelegendes.com\/index.php\/wp-json\/wp\/v2\/pages\/362\/revisions\/530"}],"wp:attachment":[{"href":"https:\/\/www.latroupelegendes.com\/index.php\/wp-json\/wp\/v2\/media?parent=362"}],"curies":[{"name":"wp","href":"https:\/\/api.w.org\/{rel}","templated":true}]}}