{"id":370,"date":"2024-12-12T09:52:58","date_gmt":"2024-12-12T08:52:58","guid":{"rendered":"http:\/\/www.latroupelegendes.com\/?page_id=370"},"modified":"2024-12-12T16:04:28","modified_gmt":"2024-12-12T15:04:28","slug":"comedie-musicale-jusqua-ce-que-la-fin-du-monde-nous-separe","status":"publish","type":"page","link":"https:\/\/www.latroupelegendes.com\/index.php\/comedie-musicale-jusqua-ce-que-la-fin-du-monde-nous-separe\/","title":{"rendered":"Com\u00e9die Musicale &#8211; Jusqu&#8217;\u00e0 ce que la fin du monde nous s\u00e9pare"},"content":{"rendered":"\n<p>Une mise en sc\u00e8ne poignante, sur un th\u00e8me qui bouleverse.<\/p>\n\n\n\n<p>C&#8217;est aussi le r\u00f4le de notre chor\u00e9graphe, de choisir des th\u00e8mes diff\u00e9rents, qui r\u00e9veillent de nouvelles \u00e9motions. Une fin du monde L\u00e9gendaire mise en musique et en lumi\u00e8re. Un projet de com\u00e9die musicale, avec de vrais chanteurs en live. M\u00e9langeant la mise en sc\u00e8ne, le chant et la danse. Un r\u00e9el travail sur la bande son a \u00e9t\u00e9 fait, m\u00e9langeant des genres, associant Edith Piaf \u00e0 une ambiance tr\u00e8s moderne. Un univers s&#8217;inspirant des fims Mad Max et Dune et de la com\u00e9die musicale Starmania.<\/p>\n\n\n\n<p>Un clin d\u2019\u0153il \u00e0 l&#8217;art classique, a \u00e9t\u00e9 mis en place par les acteurs \u00ab Le radeau de la m\u00e9duse \u00bb.<\/p>\n\n\n\n<p>Notre metteuse en sc\u00e8ne recherche \u00e0 enrichir sa cr\u00e9ation de messages, de technique, d&#8217; autres arts et de langages diff\u00e9rents.<\/p>\n\n\n\n<figure class=\"wp-block-embed is-type-video is-provider-youtube wp-block-embed-youtube wp-embed-aspect-16-9 wp-has-aspect-ratio\"><div class=\"wp-block-embed__wrapper\">\n<div class=\"ast-oembed-container\" style=\"height: 100%;\"><iframe loading=\"lazy\" title=\"Jusqu&#039;\u00e0 ce que la fin du monde nous s\u00e9pare\" width=\"500\" height=\"281\" src=\"https:\/\/www.youtube.com\/embed\/SiwIpHgBY3Q?feature=oembed\" frameborder=\"0\" allow=\"accelerometer; autoplay; clipboard-write; encrypted-media; gyroscope; picture-in-picture; web-share\" referrerpolicy=\"strict-origin-when-cross-origin\" allowfullscreen><\/iframe><\/div>\n<\/div><\/figure>\n\n\n\n<figure class=\"wp-block-gallery has-nested-images columns-default is-cropped wp-block-gallery-1 is-layout-flex wp-block-gallery-is-layout-flex\">\n<figure class=\"wp-block-image size-large\"><img loading=\"lazy\" decoding=\"async\" width=\"724\" height=\"1024\" data-id=\"315\" src=\"http:\/\/www.latroupelegendes.com\/wp-content\/uploads\/2024\/12\/Blanc-et-Bleu-Planete-Journee-de-la-Terre-Affiche-724x1024.jpg\" alt=\"\" class=\"wp-image-315\" srcset=\"https:\/\/www.latroupelegendes.com\/wp-content\/uploads\/2024\/12\/Blanc-et-Bleu-Planete-Journee-de-la-Terre-Affiche-724x1024.jpg 724w, https:\/\/www.latroupelegendes.com\/wp-content\/uploads\/2024\/12\/Blanc-et-Bleu-Planete-Journee-de-la-Terre-Affiche-212x300.jpg 212w, https:\/\/www.latroupelegendes.com\/wp-content\/uploads\/2024\/12\/Blanc-et-Bleu-Planete-Journee-de-la-Terre-Affiche-768x1086.jpg 768w, https:\/\/www.latroupelegendes.com\/wp-content\/uploads\/2024\/12\/Blanc-et-Bleu-Planete-Journee-de-la-Terre-Affiche-1086x1536.jpg 1086w, https:\/\/www.latroupelegendes.com\/wp-content\/uploads\/2024\/12\/Blanc-et-Bleu-Planete-Journee-de-la-Terre-Affiche-1448x2048.jpg 1448w, https:\/\/www.latroupelegendes.com\/wp-content\/uploads\/2024\/12\/Blanc-et-Bleu-Planete-Journee-de-la-Terre-Affiche-scaled.jpg 1810w\" sizes=\"auto, (max-width: 724px) 100vw, 724px\" \/><\/figure>\n\n\n\n<figure class=\"wp-block-image size-large\"><img loading=\"lazy\" decoding=\"async\" width=\"1024\" height=\"562\" data-id=\"376\" src=\"http:\/\/www.latroupelegendes.com\/wp-content\/uploads\/2024\/12\/IMG-20240617-WA0003-1-1024x562.jpg\" alt=\"\" class=\"wp-image-376\" srcset=\"https:\/\/www.latroupelegendes.com\/wp-content\/uploads\/2024\/12\/IMG-20240617-WA0003-1-1024x562.jpg 1024w, https:\/\/www.latroupelegendes.com\/wp-content\/uploads\/2024\/12\/IMG-20240617-WA0003-1-300x165.jpg 300w, https:\/\/www.latroupelegendes.com\/wp-content\/uploads\/2024\/12\/IMG-20240617-WA0003-1-768x421.jpg 768w, https:\/\/www.latroupelegendes.com\/wp-content\/uploads\/2024\/12\/IMG-20240617-WA0003-1-1536x843.jpg 1536w, https:\/\/www.latroupelegendes.com\/wp-content\/uploads\/2024\/12\/IMG-20240617-WA0003-1.jpg 1600w\" sizes=\"auto, (max-width: 1024px) 100vw, 1024px\" \/><\/figure>\n\n\n\n<figure class=\"wp-block-image size-large\"><img loading=\"lazy\" decoding=\"async\" width=\"1024\" height=\"678\" data-id=\"375\" src=\"http:\/\/www.latroupelegendes.com\/wp-content\/uploads\/2024\/12\/IMG-20240622-WA0005-1-1024x678.jpg\" alt=\"\" class=\"wp-image-375\" srcset=\"https:\/\/www.latroupelegendes.com\/wp-content\/uploads\/2024\/12\/IMG-20240622-WA0005-1-1024x678.jpg 1024w, https:\/\/www.latroupelegendes.com\/wp-content\/uploads\/2024\/12\/IMG-20240622-WA0005-1-300x199.jpg 300w, https:\/\/www.latroupelegendes.com\/wp-content\/uploads\/2024\/12\/IMG-20240622-WA0005-1-768x508.jpg 768w, https:\/\/www.latroupelegendes.com\/wp-content\/uploads\/2024\/12\/IMG-20240622-WA0005-1.jpg 1518w\" sizes=\"auto, (max-width: 1024px) 100vw, 1024px\" \/><\/figure>\n\n\n\n<figure class=\"wp-block-image size-large\"><img loading=\"lazy\" decoding=\"async\" width=\"1024\" height=\"768\" data-id=\"374\" src=\"http:\/\/www.latroupelegendes.com\/wp-content\/uploads\/2024\/12\/IMG-20240721-WA0001-1-1024x768.jpg\" alt=\"\" class=\"wp-image-374\" srcset=\"https:\/\/www.latroupelegendes.com\/wp-content\/uploads\/2024\/12\/IMG-20240721-WA0001-1-1024x768.jpg 1024w, https:\/\/www.latroupelegendes.com\/wp-content\/uploads\/2024\/12\/IMG-20240721-WA0001-1-300x225.jpg 300w, https:\/\/www.latroupelegendes.com\/wp-content\/uploads\/2024\/12\/IMG-20240721-WA0001-1-768x576.jpg 768w, https:\/\/www.latroupelegendes.com\/wp-content\/uploads\/2024\/12\/IMG-20240721-WA0001-1-1536x1152.jpg 1536w, https:\/\/www.latroupelegendes.com\/wp-content\/uploads\/2024\/12\/IMG-20240721-WA0001-1.jpg 2000w\" sizes=\"auto, (max-width: 1024px) 100vw, 1024px\" \/><\/figure>\n\n\n\n<figure class=\"wp-block-image size-large\"><img loading=\"lazy\" decoding=\"async\" width=\"768\" height=\"1024\" data-id=\"377\" src=\"http:\/\/www.latroupelegendes.com\/wp-content\/uploads\/2024\/12\/IMG20240718200927-1-768x1024.jpg\" alt=\"\" class=\"wp-image-377\" srcset=\"https:\/\/www.latroupelegendes.com\/wp-content\/uploads\/2024\/12\/IMG20240718200927-1-768x1024.jpg 768w, https:\/\/www.latroupelegendes.com\/wp-content\/uploads\/2024\/12\/IMG20240718200927-1-225x300.jpg 225w, https:\/\/www.latroupelegendes.com\/wp-content\/uploads\/2024\/12\/IMG20240718200927-1-1152x1536.jpg 1152w, https:\/\/www.latroupelegendes.com\/wp-content\/uploads\/2024\/12\/IMG20240718200927-1-1536x2048.jpg 1536w, https:\/\/www.latroupelegendes.com\/wp-content\/uploads\/2024\/12\/IMG20240718200927-1-scaled.jpg 1920w\" sizes=\"auto, (max-width: 768px) 100vw, 768px\" \/><\/figure>\n\n\n\n<figure class=\"wp-block-image size-large\"><img loading=\"lazy\" decoding=\"async\" width=\"1024\" height=\"768\" data-id=\"378\" src=\"http:\/\/www.latroupelegendes.com\/wp-content\/uploads\/2024\/12\/IMG20240718200935-1-1024x768.jpg\" alt=\"\" class=\"wp-image-378\" srcset=\"https:\/\/www.latroupelegendes.com\/wp-content\/uploads\/2024\/12\/IMG20240718200935-1-1024x768.jpg 1024w, https:\/\/www.latroupelegendes.com\/wp-content\/uploads\/2024\/12\/IMG20240718200935-1-300x225.jpg 300w, https:\/\/www.latroupelegendes.com\/wp-content\/uploads\/2024\/12\/IMG20240718200935-1-768x576.jpg 768w, https:\/\/www.latroupelegendes.com\/wp-content\/uploads\/2024\/12\/IMG20240718200935-1-1536x1152.jpg 1536w, https:\/\/www.latroupelegendes.com\/wp-content\/uploads\/2024\/12\/IMG20240718200935-1-2048x1536.jpg 2048w\" sizes=\"auto, (max-width: 1024px) 100vw, 1024px\" \/><\/figure>\n<\/figure>\n\n\n\n<hr class=\"wp-block-separator has-alpha-channel-opacity\"\/>\n\n\n\n<p>Notre Partenaire<\/p>\n\n\n\n<figure class=\"wp-block-image size-large is-resized\"><a href=\"https:\/\/www.cc-coeurdegaronne.fr\/\"><img loading=\"lazy\" decoding=\"async\" width=\"1024\" height=\"427\" src=\"http:\/\/www.latroupelegendes.com\/wp-content\/uploads\/2024\/12\/LogoCoeurdeGaronne-1024x427.jpg\" alt=\"\" class=\"wp-image-371\" style=\"width:275px;height:auto\" srcset=\"https:\/\/www.latroupelegendes.com\/wp-content\/uploads\/2024\/12\/LogoCoeurdeGaronne-1024x427.jpg 1024w, https:\/\/www.latroupelegendes.com\/wp-content\/uploads\/2024\/12\/LogoCoeurdeGaronne-300x125.jpg 300w, https:\/\/www.latroupelegendes.com\/wp-content\/uploads\/2024\/12\/LogoCoeurdeGaronne-768x320.jpg 768w, https:\/\/www.latroupelegendes.com\/wp-content\/uploads\/2024\/12\/LogoCoeurdeGaronne.jpg 1200w\" sizes=\"auto, (max-width: 1024px) 100vw, 1024px\" \/><\/a><\/figure>\n\n\n\n<p><\/p>\n","protected":false},"excerpt":{"rendered":"<p>Une mise en sc\u00e8ne poignante, sur un th\u00e8me qui bouleverse. C&#8217;est aussi le r\u00f4le de notre chor\u00e9graphe, de choisir des th\u00e8mes diff\u00e9rents, qui r\u00e9veillent de nouvelles \u00e9motions. Une fin du monde L\u00e9gendaire mise en musique et en lumi\u00e8re. Un projet de com\u00e9die musicale, avec de vrais chanteurs en live. M\u00e9langeant la mise en sc\u00e8ne, le &hellip;<\/p>\n<p class=\"read-more\"> <a class=\"\" href=\"https:\/\/www.latroupelegendes.com\/index.php\/comedie-musicale-jusqua-ce-que-la-fin-du-monde-nous-separe\/\"> <span class=\"screen-reader-text\">Com\u00e9die Musicale &#8211; Jusqu&#8217;\u00e0 ce que la fin du monde nous s\u00e9pare<\/span> Read More &raquo;<\/a><\/p>\n","protected":false},"author":1,"featured_media":0,"parent":0,"menu_order":0,"comment_status":"closed","ping_status":"closed","template":"","meta":{"site-sidebar-layout":"default","site-content-layout":"","ast-site-content-layout":"","site-content-style":"default","site-sidebar-style":"default","ast-global-header-display":"","ast-banner-title-visibility":"","ast-main-header-display":"","ast-hfb-above-header-display":"","ast-hfb-below-header-display":"","ast-hfb-mobile-header-display":"","site-post-title":"","ast-breadcrumbs-content":"","ast-featured-img":"","footer-sml-layout":"","theme-transparent-header-meta":"","adv-header-id-meta":"","stick-header-meta":"","header-above-stick-meta":"","header-main-stick-meta":"","header-below-stick-meta":"","astra-migrate-meta-layouts":"","ast-page-background-enabled":"default","ast-page-background-meta":{"desktop":{"background-color":"var(--ast-global-color-4)","background-image":"","background-repeat":"repeat","background-position":"center center","background-size":"auto","background-attachment":"scroll","background-type":"","background-media":"","overlay-type":"","overlay-color":"","overlay-gradient":""},"tablet":{"background-color":"","background-image":"","background-repeat":"repeat","background-position":"center center","background-size":"auto","background-attachment":"scroll","background-type":"","background-media":"","overlay-type":"","overlay-color":"","overlay-gradient":""},"mobile":{"background-color":"","background-image":"","background-repeat":"repeat","background-position":"center center","background-size":"auto","background-attachment":"scroll","background-type":"","background-media":"","overlay-type":"","overlay-color":"","overlay-gradient":""}},"ast-content-background-meta":{"desktop":{"background-color":"var(--ast-global-color-5)","background-image":"","background-repeat":"repeat","background-position":"center center","background-size":"auto","background-attachment":"scroll","background-type":"","background-media":"","overlay-type":"","overlay-color":"","overlay-gradient":""},"tablet":{"background-color":"var(--ast-global-color-5)","background-image":"","background-repeat":"repeat","background-position":"center center","background-size":"auto","background-attachment":"scroll","background-type":"","background-media":"","overlay-type":"","overlay-color":"","overlay-gradient":""},"mobile":{"background-color":"var(--ast-global-color-5)","background-image":"","background-repeat":"repeat","background-position":"center center","background-size":"auto","background-attachment":"scroll","background-type":"","background-media":"","overlay-type":"","overlay-color":"","overlay-gradient":""}},"footnotes":""},"class_list":["post-370","page","type-page","status-publish","hentry"],"_links":{"self":[{"href":"https:\/\/www.latroupelegendes.com\/index.php\/wp-json\/wp\/v2\/pages\/370","targetHints":{"allow":["GET"]}}],"collection":[{"href":"https:\/\/www.latroupelegendes.com\/index.php\/wp-json\/wp\/v2\/pages"}],"about":[{"href":"https:\/\/www.latroupelegendes.com\/index.php\/wp-json\/wp\/v2\/types\/page"}],"author":[{"embeddable":true,"href":"https:\/\/www.latroupelegendes.com\/index.php\/wp-json\/wp\/v2\/users\/1"}],"replies":[{"embeddable":true,"href":"https:\/\/www.latroupelegendes.com\/index.php\/wp-json\/wp\/v2\/comments?post=370"}],"version-history":[{"count":8,"href":"https:\/\/www.latroupelegendes.com\/index.php\/wp-json\/wp\/v2\/pages\/370\/revisions"}],"predecessor-version":[{"id":539,"href":"https:\/\/www.latroupelegendes.com\/index.php\/wp-json\/wp\/v2\/pages\/370\/revisions\/539"}],"wp:attachment":[{"href":"https:\/\/www.latroupelegendes.com\/index.php\/wp-json\/wp\/v2\/media?parent=370"}],"curies":[{"name":"wp","href":"https:\/\/api.w.org\/{rel}","templated":true}]}}