{"id":425,"date":"2024-12-12T13:31:43","date_gmt":"2024-12-12T12:31:43","guid":{"rendered":"http:\/\/www.latroupelegendes.com\/?page_id=425"},"modified":"2024-12-12T15:59:46","modified_gmt":"2024-12-12T14:59:46","slug":"un-noel-magique","status":"publish","type":"page","link":"https:\/\/www.latroupelegendes.com\/index.php\/un-noel-magique\/","title":{"rendered":"No\u00ebl 2024 &#8211; Un No\u00ebl magique"},"content":{"rendered":"\n<p>Le spectacle de cette ann\u00e9e 2024 \u00e9tait tout simplement explosif, un tourbillon de couleurs, une pluie d&#8217;\u00e9nergie et un ouragan de joie.<\/p>\n\n\n\n<p>Notre chor\u00e9graphe et metteuse en sc\u00e8ne a voulu souffler une atmosph\u00e8re de cin\u00e9ma muet et une ambiance \u00e0 la Broadway.<\/p>\n\n\n\n<p>S&#8217;inspirant des plus grands classique des com\u00e9dies musicales comme \u00ab Hello Dolly \u00bb et \u00ab Chantons sous la pluie \u00bb.<\/p>\n\n\n\n<p>Une jolie touche de po\u00e9sie a r\u00e9joui le public avant les f\u00eates.<\/p>\n\n\n\n<p><\/p>\n\n\n\n<figure class=\"wp-block-gallery has-nested-images columns-default is-cropped wp-block-gallery-1 is-layout-flex wp-block-gallery-is-layout-flex\">\n<figure class=\"wp-block-image size-large\"><img loading=\"lazy\" decoding=\"async\" width=\"1024\" height=\"683\" data-id=\"193\" src=\"http:\/\/www.latroupelegendes.com\/wp-content\/uploads\/2024\/12\/IMG_2711-1-1024x683.jpg\" alt=\"\" class=\"wp-image-193\" srcset=\"https:\/\/www.latroupelegendes.com\/wp-content\/uploads\/2024\/12\/IMG_2711-1-1024x683.jpg 1024w, https:\/\/www.latroupelegendes.com\/wp-content\/uploads\/2024\/12\/IMG_2711-1-300x200.jpg 300w, https:\/\/www.latroupelegendes.com\/wp-content\/uploads\/2024\/12\/IMG_2711-1-768x512.jpg 768w, https:\/\/www.latroupelegendes.com\/wp-content\/uploads\/2024\/12\/IMG_2711-1-1536x1024.jpg 1536w, https:\/\/www.latroupelegendes.com\/wp-content\/uploads\/2024\/12\/IMG_2711-1-2048x1365.jpg 2048w\" sizes=\"auto, (max-width: 1024px) 100vw, 1024px\" \/><\/figure>\n\n\n\n<figure class=\"wp-block-image size-large\"><img loading=\"lazy\" decoding=\"async\" width=\"1024\" height=\"683\" data-id=\"195\" src=\"http:\/\/www.latroupelegendes.com\/wp-content\/uploads\/2024\/12\/IMG_2801-1024x683.jpg\" alt=\"\" class=\"wp-image-195\" srcset=\"https:\/\/www.latroupelegendes.com\/wp-content\/uploads\/2024\/12\/IMG_2801-1024x683.jpg 1024w, https:\/\/www.latroupelegendes.com\/wp-content\/uploads\/2024\/12\/IMG_2801-300x200.jpg 300w, https:\/\/www.latroupelegendes.com\/wp-content\/uploads\/2024\/12\/IMG_2801-768x512.jpg 768w, https:\/\/www.latroupelegendes.com\/wp-content\/uploads\/2024\/12\/IMG_2801-1536x1024.jpg 1536w, https:\/\/www.latroupelegendes.com\/wp-content\/uploads\/2024\/12\/IMG_2801-2048x1365.jpg 2048w\" sizes=\"auto, (max-width: 1024px) 100vw, 1024px\" \/><\/figure>\n\n\n\n<figure class=\"wp-block-image size-large\"><img loading=\"lazy\" decoding=\"async\" width=\"1024\" height=\"682\" data-id=\"146\" src=\"http:\/\/www.latroupelegendes.com\/wp-content\/uploads\/2024\/12\/IMG_2773-edited-1024x682.jpg\" alt=\"\" class=\"wp-image-146\" srcset=\"https:\/\/www.latroupelegendes.com\/wp-content\/uploads\/2024\/12\/IMG_2773-edited-1024x682.jpg 1024w, https:\/\/www.latroupelegendes.com\/wp-content\/uploads\/2024\/12\/IMG_2773-edited-300x200.jpg 300w, https:\/\/www.latroupelegendes.com\/wp-content\/uploads\/2024\/12\/IMG_2773-edited-768x512.jpg 768w, https:\/\/www.latroupelegendes.com\/wp-content\/uploads\/2024\/12\/IMG_2773-edited-1536x1024.jpg 1536w, https:\/\/www.latroupelegendes.com\/wp-content\/uploads\/2024\/12\/IMG_2773-edited-2048x1365.jpg 2048w\" sizes=\"auto, (max-width: 1024px) 100vw, 1024px\" \/><\/figure>\n\n\n\n<figure class=\"wp-block-image size-large\"><img loading=\"lazy\" decoding=\"async\" width=\"1024\" height=\"683\" data-id=\"144\" src=\"http:\/\/www.latroupelegendes.com\/wp-content\/uploads\/2024\/12\/IMG_2773-1024x683.jpg\" alt=\"\" class=\"wp-image-144\" srcset=\"https:\/\/www.latroupelegendes.com\/wp-content\/uploads\/2024\/12\/IMG_2773-1024x683.jpg 1024w, https:\/\/www.latroupelegendes.com\/wp-content\/uploads\/2024\/12\/IMG_2773-300x200.jpg 300w, https:\/\/www.latroupelegendes.com\/wp-content\/uploads\/2024\/12\/IMG_2773-768x512.jpg 768w, https:\/\/www.latroupelegendes.com\/wp-content\/uploads\/2024\/12\/IMG_2773-1536x1024.jpg 1536w, https:\/\/www.latroupelegendes.com\/wp-content\/uploads\/2024\/12\/IMG_2773-2048x1365.jpg 2048w\" sizes=\"auto, (max-width: 1024px) 100vw, 1024px\" \/><\/figure>\n\n\n\n<figure class=\"wp-block-image size-large\"><img loading=\"lazy\" decoding=\"async\" width=\"1024\" height=\"1024\" data-id=\"166\" src=\"http:\/\/www.latroupelegendes.com\/wp-content\/uploads\/2024\/12\/MG_8904-1024x1024.jpg\" alt=\"\" class=\"wp-image-166\" srcset=\"https:\/\/www.latroupelegendes.com\/wp-content\/uploads\/2024\/12\/MG_8904-1024x1024.jpg 1024w, https:\/\/www.latroupelegendes.com\/wp-content\/uploads\/2024\/12\/MG_8904-300x300.jpg 300w, https:\/\/www.latroupelegendes.com\/wp-content\/uploads\/2024\/12\/MG_8904-150x150.jpg 150w, https:\/\/www.latroupelegendes.com\/wp-content\/uploads\/2024\/12\/MG_8904-768x768.jpg 768w, https:\/\/www.latroupelegendes.com\/wp-content\/uploads\/2024\/12\/MG_8904-1536x1536.jpg 1536w, https:\/\/www.latroupelegendes.com\/wp-content\/uploads\/2024\/12\/MG_8904.jpg 1920w\" sizes=\"auto, (max-width: 1024px) 100vw, 1024px\" \/><\/figure>\n\n\n\n<figure class=\"wp-block-image size-large\"><img loading=\"lazy\" decoding=\"async\" width=\"1024\" height=\"541\" data-id=\"167\" src=\"http:\/\/www.latroupelegendes.com\/wp-content\/uploads\/2024\/12\/MG_8951-1024x541.jpg\" alt=\"\" class=\"wp-image-167\" srcset=\"https:\/\/www.latroupelegendes.com\/wp-content\/uploads\/2024\/12\/MG_8951-1024x541.jpg 1024w, https:\/\/www.latroupelegendes.com\/wp-content\/uploads\/2024\/12\/MG_8951-300x159.jpg 300w, https:\/\/www.latroupelegendes.com\/wp-content\/uploads\/2024\/12\/MG_8951-768x406.jpg 768w, https:\/\/www.latroupelegendes.com\/wp-content\/uploads\/2024\/12\/MG_8951-1536x812.jpg 1536w, https:\/\/www.latroupelegendes.com\/wp-content\/uploads\/2024\/12\/MG_8951.jpg 1920w\" sizes=\"auto, (max-width: 1024px) 100vw, 1024px\" \/><\/figure>\n\n\n\n<figure class=\"wp-block-image size-large\"><img loading=\"lazy\" decoding=\"async\" width=\"1024\" height=\"683\" data-id=\"114\" src=\"http:\/\/www.latroupelegendes.com\/wp-content\/uploads\/2024\/12\/IMG_2799-1024x683.jpg\" alt=\"\" class=\"wp-image-114\" srcset=\"https:\/\/www.latroupelegendes.com\/wp-content\/uploads\/2024\/12\/IMG_2799-1024x683.jpg 1024w, https:\/\/www.latroupelegendes.com\/wp-content\/uploads\/2024\/12\/IMG_2799-300x200.jpg 300w, https:\/\/www.latroupelegendes.com\/wp-content\/uploads\/2024\/12\/IMG_2799-768x512.jpg 768w, https:\/\/www.latroupelegendes.com\/wp-content\/uploads\/2024\/12\/IMG_2799-1536x1024.jpg 1536w, https:\/\/www.latroupelegendes.com\/wp-content\/uploads\/2024\/12\/IMG_2799-2048x1365.jpg 2048w\" sizes=\"auto, (max-width: 1024px) 100vw, 1024px\" \/><\/figure>\n\n\n\n<figure class=\"wp-block-image size-large\"><img loading=\"lazy\" decoding=\"async\" width=\"1024\" height=\"683\" data-id=\"108\" src=\"http:\/\/www.latroupelegendes.com\/wp-content\/uploads\/2024\/12\/IMG_2753-1024x683.jpg\" alt=\"\" class=\"wp-image-108\" srcset=\"https:\/\/www.latroupelegendes.com\/wp-content\/uploads\/2024\/12\/IMG_2753-1024x683.jpg 1024w, https:\/\/www.latroupelegendes.com\/wp-content\/uploads\/2024\/12\/IMG_2753-300x200.jpg 300w, https:\/\/www.latroupelegendes.com\/wp-content\/uploads\/2024\/12\/IMG_2753-768x512.jpg 768w, https:\/\/www.latroupelegendes.com\/wp-content\/uploads\/2024\/12\/IMG_2753-1536x1024.jpg 1536w, https:\/\/www.latroupelegendes.com\/wp-content\/uploads\/2024\/12\/IMG_2753-2048x1365.jpg 2048w\" sizes=\"auto, (max-width: 1024px) 100vw, 1024px\" \/><\/figure>\n\n\n\n<figure class=\"wp-block-image size-large\"><img loading=\"lazy\" decoding=\"async\" width=\"1024\" height=\"683\" data-id=\"109\" src=\"http:\/\/www.latroupelegendes.com\/wp-content\/uploads\/2024\/12\/IMG_2745-1024x683.jpg\" alt=\"\" class=\"wp-image-109\" srcset=\"https:\/\/www.latroupelegendes.com\/wp-content\/uploads\/2024\/12\/IMG_2745-1024x683.jpg 1024w, https:\/\/www.latroupelegendes.com\/wp-content\/uploads\/2024\/12\/IMG_2745-300x200.jpg 300w, https:\/\/www.latroupelegendes.com\/wp-content\/uploads\/2024\/12\/IMG_2745-768x512.jpg 768w, https:\/\/www.latroupelegendes.com\/wp-content\/uploads\/2024\/12\/IMG_2745-1536x1024.jpg 1536w, https:\/\/www.latroupelegendes.com\/wp-content\/uploads\/2024\/12\/IMG_2745-2048x1365.jpg 2048w\" sizes=\"auto, (max-width: 1024px) 100vw, 1024px\" \/><\/figure>\n\n\n\n<figure class=\"wp-block-image size-large\"><img loading=\"lazy\" decoding=\"async\" width=\"1024\" height=\"683\" data-id=\"110\" src=\"http:\/\/www.latroupelegendes.com\/wp-content\/uploads\/2024\/12\/IMG_2755-1024x683.jpg\" alt=\"\" class=\"wp-image-110\" srcset=\"https:\/\/www.latroupelegendes.com\/wp-content\/uploads\/2024\/12\/IMG_2755-1024x683.jpg 1024w, https:\/\/www.latroupelegendes.com\/wp-content\/uploads\/2024\/12\/IMG_2755-300x200.jpg 300w, https:\/\/www.latroupelegendes.com\/wp-content\/uploads\/2024\/12\/IMG_2755-768x512.jpg 768w, https:\/\/www.latroupelegendes.com\/wp-content\/uploads\/2024\/12\/IMG_2755-1536x1024.jpg 1536w, https:\/\/www.latroupelegendes.com\/wp-content\/uploads\/2024\/12\/IMG_2755-2048x1365.jpg 2048w\" sizes=\"auto, (max-width: 1024px) 100vw, 1024px\" \/><\/figure>\n\n\n\n<figure class=\"wp-block-image size-large\"><img loading=\"lazy\" decoding=\"async\" width=\"1024\" height=\"683\" data-id=\"111\" src=\"http:\/\/www.latroupelegendes.com\/wp-content\/uploads\/2024\/12\/IMG_2785-1024x683.jpg\" alt=\"\" class=\"wp-image-111\" srcset=\"https:\/\/www.latroupelegendes.com\/wp-content\/uploads\/2024\/12\/IMG_2785-1024x683.jpg 1024w, https:\/\/www.latroupelegendes.com\/wp-content\/uploads\/2024\/12\/IMG_2785-300x200.jpg 300w, https:\/\/www.latroupelegendes.com\/wp-content\/uploads\/2024\/12\/IMG_2785-768x512.jpg 768w, https:\/\/www.latroupelegendes.com\/wp-content\/uploads\/2024\/12\/IMG_2785-1536x1024.jpg 1536w, https:\/\/www.latroupelegendes.com\/wp-content\/uploads\/2024\/12\/IMG_2785-2048x1365.jpg 2048w\" sizes=\"auto, (max-width: 1024px) 100vw, 1024px\" \/><\/figure>\n\n\n\n<figure class=\"wp-block-image size-large\"><img loading=\"lazy\" decoding=\"async\" width=\"1024\" height=\"683\" data-id=\"112\" src=\"http:\/\/www.latroupelegendes.com\/wp-content\/uploads\/2024\/12\/IMG_2794-1024x683.jpg\" alt=\"\" class=\"wp-image-112\" srcset=\"https:\/\/www.latroupelegendes.com\/wp-content\/uploads\/2024\/12\/IMG_2794-1024x683.jpg 1024w, https:\/\/www.latroupelegendes.com\/wp-content\/uploads\/2024\/12\/IMG_2794-300x200.jpg 300w, https:\/\/www.latroupelegendes.com\/wp-content\/uploads\/2024\/12\/IMG_2794-768x512.jpg 768w, https:\/\/www.latroupelegendes.com\/wp-content\/uploads\/2024\/12\/IMG_2794-1536x1024.jpg 1536w, https:\/\/www.latroupelegendes.com\/wp-content\/uploads\/2024\/12\/IMG_2794-2048x1365.jpg 2048w\" sizes=\"auto, (max-width: 1024px) 100vw, 1024px\" \/><\/figure>\n\n\n\n<figure class=\"wp-block-image size-large\"><img loading=\"lazy\" decoding=\"async\" width=\"1024\" height=\"683\" data-id=\"113\" src=\"http:\/\/www.latroupelegendes.com\/wp-content\/uploads\/2024\/12\/IMG_2797-1024x683.jpg\" alt=\"\" class=\"wp-image-113\" srcset=\"https:\/\/www.latroupelegendes.com\/wp-content\/uploads\/2024\/12\/IMG_2797-1024x683.jpg 1024w, https:\/\/www.latroupelegendes.com\/wp-content\/uploads\/2024\/12\/IMG_2797-300x200.jpg 300w, https:\/\/www.latroupelegendes.com\/wp-content\/uploads\/2024\/12\/IMG_2797-768x512.jpg 768w, https:\/\/www.latroupelegendes.com\/wp-content\/uploads\/2024\/12\/IMG_2797-1536x1024.jpg 1536w, https:\/\/www.latroupelegendes.com\/wp-content\/uploads\/2024\/12\/IMG_2797-2048x1365.jpg 2048w\" sizes=\"auto, (max-width: 1024px) 100vw, 1024px\" \/><\/figure>\n\n\n\n<figure class=\"wp-block-image size-large\"><img loading=\"lazy\" decoding=\"async\" width=\"1024\" height=\"683\" data-id=\"106\" src=\"http:\/\/www.latroupelegendes.com\/wp-content\/uploads\/2024\/12\/IMG_2735-1024x683.jpg\" alt=\"\" class=\"wp-image-106\" srcset=\"https:\/\/www.latroupelegendes.com\/wp-content\/uploads\/2024\/12\/IMG_2735-1024x683.jpg 1024w, https:\/\/www.latroupelegendes.com\/wp-content\/uploads\/2024\/12\/IMG_2735-300x200.jpg 300w, https:\/\/www.latroupelegendes.com\/wp-content\/uploads\/2024\/12\/IMG_2735-768x512.jpg 768w, https:\/\/www.latroupelegendes.com\/wp-content\/uploads\/2024\/12\/IMG_2735-1536x1024.jpg 1536w, https:\/\/www.latroupelegendes.com\/wp-content\/uploads\/2024\/12\/IMG_2735-2048x1365.jpg 2048w\" sizes=\"auto, (max-width: 1024px) 100vw, 1024px\" \/><\/figure>\n\n\n\n<figure class=\"wp-block-image size-large\"><img loading=\"lazy\" decoding=\"async\" width=\"1024\" height=\"683\" data-id=\"105\" src=\"http:\/\/www.latroupelegendes.com\/wp-content\/uploads\/2024\/12\/IMG_2723-1024x683.jpg\" alt=\"\" class=\"wp-image-105\" srcset=\"https:\/\/www.latroupelegendes.com\/wp-content\/uploads\/2024\/12\/IMG_2723-1024x683.jpg 1024w, https:\/\/www.latroupelegendes.com\/wp-content\/uploads\/2024\/12\/IMG_2723-300x200.jpg 300w, https:\/\/www.latroupelegendes.com\/wp-content\/uploads\/2024\/12\/IMG_2723-768x512.jpg 768w, https:\/\/www.latroupelegendes.com\/wp-content\/uploads\/2024\/12\/IMG_2723-1536x1024.jpg 1536w, https:\/\/www.latroupelegendes.com\/wp-content\/uploads\/2024\/12\/IMG_2723-2048x1365.jpg 2048w\" sizes=\"auto, (max-width: 1024px) 100vw, 1024px\" \/><\/figure>\n\n\n\n<figure class=\"wp-block-image size-large\"><img loading=\"lazy\" decoding=\"async\" width=\"1024\" height=\"683\" data-id=\"104\" src=\"http:\/\/www.latroupelegendes.com\/wp-content\/uploads\/2024\/12\/IMG_2727-1024x683.jpg\" alt=\"\" class=\"wp-image-104\" srcset=\"https:\/\/www.latroupelegendes.com\/wp-content\/uploads\/2024\/12\/IMG_2727-1024x683.jpg 1024w, https:\/\/www.latroupelegendes.com\/wp-content\/uploads\/2024\/12\/IMG_2727-300x200.jpg 300w, https:\/\/www.latroupelegendes.com\/wp-content\/uploads\/2024\/12\/IMG_2727-768x512.jpg 768w, https:\/\/www.latroupelegendes.com\/wp-content\/uploads\/2024\/12\/IMG_2727-1536x1024.jpg 1536w, https:\/\/www.latroupelegendes.com\/wp-content\/uploads\/2024\/12\/IMG_2727-2048x1365.jpg 2048w\" sizes=\"auto, (max-width: 1024px) 100vw, 1024px\" \/><\/figure>\n\n\n\n<figure class=\"wp-block-image size-large\"><img loading=\"lazy\" decoding=\"async\" width=\"1024\" height=\"683\" data-id=\"103\" src=\"http:\/\/www.latroupelegendes.com\/wp-content\/uploads\/2024\/12\/IMG_2720-1024x683.jpg\" alt=\"\" class=\"wp-image-103\" srcset=\"https:\/\/www.latroupelegendes.com\/wp-content\/uploads\/2024\/12\/IMG_2720-1024x683.jpg 1024w, https:\/\/www.latroupelegendes.com\/wp-content\/uploads\/2024\/12\/IMG_2720-300x200.jpg 300w, https:\/\/www.latroupelegendes.com\/wp-content\/uploads\/2024\/12\/IMG_2720-768x512.jpg 768w, https:\/\/www.latroupelegendes.com\/wp-content\/uploads\/2024\/12\/IMG_2720-1536x1024.jpg 1536w, https:\/\/www.latroupelegendes.com\/wp-content\/uploads\/2024\/12\/IMG_2720-2048x1365.jpg 2048w\" sizes=\"auto, (max-width: 1024px) 100vw, 1024px\" \/><\/figure>\n\n\n\n<figure class=\"wp-block-image size-large\"><img loading=\"lazy\" decoding=\"async\" width=\"1024\" height=\"683\" data-id=\"102\" src=\"http:\/\/www.latroupelegendes.com\/wp-content\/uploads\/2024\/12\/IMG_2731-1024x683.jpg\" alt=\"\" class=\"wp-image-102\" srcset=\"https:\/\/www.latroupelegendes.com\/wp-content\/uploads\/2024\/12\/IMG_2731-1024x683.jpg 1024w, https:\/\/www.latroupelegendes.com\/wp-content\/uploads\/2024\/12\/IMG_2731-300x200.jpg 300w, https:\/\/www.latroupelegendes.com\/wp-content\/uploads\/2024\/12\/IMG_2731-768x512.jpg 768w, https:\/\/www.latroupelegendes.com\/wp-content\/uploads\/2024\/12\/IMG_2731-1536x1024.jpg 1536w, https:\/\/www.latroupelegendes.com\/wp-content\/uploads\/2024\/12\/IMG_2731-2048x1365.jpg 2048w\" sizes=\"auto, (max-width: 1024px) 100vw, 1024px\" \/><\/figure>\n\n\n\n<figure class=\"wp-block-image size-large\"><img loading=\"lazy\" decoding=\"async\" width=\"1024\" height=\"683\" data-id=\"101\" src=\"http:\/\/www.latroupelegendes.com\/wp-content\/uploads\/2024\/12\/IMG_2711-1024x683.jpg\" alt=\"\" class=\"wp-image-101\" srcset=\"https:\/\/www.latroupelegendes.com\/wp-content\/uploads\/2024\/12\/IMG_2711-1024x683.jpg 1024w, https:\/\/www.latroupelegendes.com\/wp-content\/uploads\/2024\/12\/IMG_2711-300x200.jpg 300w, https:\/\/www.latroupelegendes.com\/wp-content\/uploads\/2024\/12\/IMG_2711-768x512.jpg 768w, https:\/\/www.latroupelegendes.com\/wp-content\/uploads\/2024\/12\/IMG_2711-1536x1024.jpg 1536w, https:\/\/www.latroupelegendes.com\/wp-content\/uploads\/2024\/12\/IMG_2711-2048x1365.jpg 2048w\" sizes=\"auto, (max-width: 1024px) 100vw, 1024px\" \/><\/figure>\n\n\n\n<figure class=\"wp-block-image size-large\"><img loading=\"lazy\" decoding=\"async\" width=\"1024\" height=\"683\" data-id=\"107\" src=\"http:\/\/www.latroupelegendes.com\/wp-content\/uploads\/2024\/12\/IMG_2742-1024x683.jpg\" alt=\"\" class=\"wp-image-107\" srcset=\"https:\/\/www.latroupelegendes.com\/wp-content\/uploads\/2024\/12\/IMG_2742-1024x683.jpg 1024w, https:\/\/www.latroupelegendes.com\/wp-content\/uploads\/2024\/12\/IMG_2742-300x200.jpg 300w, https:\/\/www.latroupelegendes.com\/wp-content\/uploads\/2024\/12\/IMG_2742-768x512.jpg 768w, https:\/\/www.latroupelegendes.com\/wp-content\/uploads\/2024\/12\/IMG_2742-1536x1024.jpg 1536w, https:\/\/www.latroupelegendes.com\/wp-content\/uploads\/2024\/12\/IMG_2742-2048x1365.jpg 2048w\" sizes=\"auto, (max-width: 1024px) 100vw, 1024px\" \/><\/figure>\n\n\n\n<figure class=\"wp-block-image size-large\"><img loading=\"lazy\" decoding=\"async\" width=\"1024\" height=\"683\" data-id=\"100\" src=\"http:\/\/www.latroupelegendes.com\/wp-content\/uploads\/2024\/12\/IMG_2708-1024x683.jpg\" alt=\"\" class=\"wp-image-100\" srcset=\"https:\/\/www.latroupelegendes.com\/wp-content\/uploads\/2024\/12\/IMG_2708-1024x683.jpg 1024w, https:\/\/www.latroupelegendes.com\/wp-content\/uploads\/2024\/12\/IMG_2708-300x200.jpg 300w, https:\/\/www.latroupelegendes.com\/wp-content\/uploads\/2024\/12\/IMG_2708-768x512.jpg 768w, https:\/\/www.latroupelegendes.com\/wp-content\/uploads\/2024\/12\/IMG_2708-1536x1024.jpg 1536w, https:\/\/www.latroupelegendes.com\/wp-content\/uploads\/2024\/12\/IMG_2708-2048x1365.jpg 2048w\" sizes=\"auto, (max-width: 1024px) 100vw, 1024px\" \/><\/figure>\n<\/figure>\n","protected":false},"excerpt":{"rendered":"<p>Le spectacle de cette ann\u00e9e 2024 \u00e9tait tout simplement explosif, un tourbillon de couleurs, une pluie d&#8217;\u00e9nergie et un ouragan de joie. Notre chor\u00e9graphe et metteuse en sc\u00e8ne a voulu souffler une atmosph\u00e8re de cin\u00e9ma muet et une ambiance \u00e0 la Broadway. S&#8217;inspirant des plus grands classique des com\u00e9dies musicales comme \u00ab Hello Dolly \u00bb &hellip;<\/p>\n<p class=\"read-more\"> <a class=\"\" href=\"https:\/\/www.latroupelegendes.com\/index.php\/un-noel-magique\/\"> <span class=\"screen-reader-text\">No\u00ebl 2024 &#8211; Un No\u00ebl magique<\/span> Read More &raquo;<\/a><\/p>\n","protected":false},"author":1,"featured_media":0,"parent":0,"menu_order":0,"comment_status":"closed","ping_status":"closed","template":"","meta":{"site-sidebar-layout":"default","site-content-layout":"","ast-site-content-layout":"","site-content-style":"default","site-sidebar-style":"default","ast-global-header-display":"","ast-banner-title-visibility":"","ast-main-header-display":"","ast-hfb-above-header-display":"","ast-hfb-below-header-display":"","ast-hfb-mobile-header-display":"","site-post-title":"","ast-breadcrumbs-content":"","ast-featured-img":"","footer-sml-layout":"","theme-transparent-header-meta":"","adv-header-id-meta":"","stick-header-meta":"","header-above-stick-meta":"","header-main-stick-meta":"","header-below-stick-meta":"","astra-migrate-meta-layouts":"","ast-page-background-enabled":"default","ast-page-background-meta":{"desktop":{"background-color":"var(--ast-global-color-4)","background-image":"","background-repeat":"repeat","background-position":"center center","background-size":"auto","background-attachment":"scroll","background-type":"","background-media":"","overlay-type":"","overlay-color":"","overlay-gradient":""},"tablet":{"background-color":"","background-image":"","background-repeat":"repeat","background-position":"center center","background-size":"auto","background-attachment":"scroll","background-type":"","background-media":"","overlay-type":"","overlay-color":"","overlay-gradient":""},"mobile":{"background-color":"","background-image":"","background-repeat":"repeat","background-position":"center center","background-size":"auto","background-attachment":"scroll","background-type":"","background-media":"","overlay-type":"","overlay-color":"","overlay-gradient":""}},"ast-content-background-meta":{"desktop":{"background-color":"var(--ast-global-color-5)","background-image":"","background-repeat":"repeat","background-position":"center center","background-size":"auto","background-attachment":"scroll","background-type":"","background-media":"","overlay-type":"","overlay-color":"","overlay-gradient":""},"tablet":{"background-color":"var(--ast-global-color-5)","background-image":"","background-repeat":"repeat","background-position":"center center","background-size":"auto","background-attachment":"scroll","background-type":"","background-media":"","overlay-type":"","overlay-color":"","overlay-gradient":""},"mobile":{"background-color":"var(--ast-global-color-5)","background-image":"","background-repeat":"repeat","background-position":"center center","background-size":"auto","background-attachment":"scroll","background-type":"","background-media":"","overlay-type":"","overlay-color":"","overlay-gradient":""}},"footnotes":""},"class_list":["post-425","page","type-page","status-publish","hentry"],"_links":{"self":[{"href":"https:\/\/www.latroupelegendes.com\/index.php\/wp-json\/wp\/v2\/pages\/425","targetHints":{"allow":["GET"]}}],"collection":[{"href":"https:\/\/www.latroupelegendes.com\/index.php\/wp-json\/wp\/v2\/pages"}],"about":[{"href":"https:\/\/www.latroupelegendes.com\/index.php\/wp-json\/wp\/v2\/types\/page"}],"author":[{"embeddable":true,"href":"https:\/\/www.latroupelegendes.com\/index.php\/wp-json\/wp\/v2\/users\/1"}],"replies":[{"embeddable":true,"href":"https:\/\/www.latroupelegendes.com\/index.php\/wp-json\/wp\/v2\/comments?post=425"}],"version-history":[{"count":5,"href":"https:\/\/www.latroupelegendes.com\/index.php\/wp-json\/wp\/v2\/pages\/425\/revisions"}],"predecessor-version":[{"id":533,"href":"https:\/\/www.latroupelegendes.com\/index.php\/wp-json\/wp\/v2\/pages\/425\/revisions\/533"}],"wp:attachment":[{"href":"https:\/\/www.latroupelegendes.com\/index.php\/wp-json\/wp\/v2\/media?parent=425"}],"curies":[{"name":"wp","href":"https:\/\/api.w.org\/{rel}","templated":true}]}}