{"id":432,"date":"2024-12-12T13:36:36","date_gmt":"2024-12-12T12:36:36","guid":{"rendered":"http:\/\/www.latroupelegendes.com\/?page_id=432"},"modified":"2024-12-12T15:55:53","modified_gmt":"2024-12-12T14:55:53","slug":"halloween-2023-el-dia-de-los-muertos","status":"publish","type":"page","link":"https:\/\/www.latroupelegendes.com\/index.php\/halloween-2023-el-dia-de-los-muertos\/","title":{"rendered":"Halloween 2023 &#8211; El Dia De Los Muertos"},"content":{"rendered":"\n<p>Cette ann\u00e9e 2023, la troupe a eu envie de <strong>mettre en valeur et d&#8217;exploiter le patrimoine local<\/strong>, la cour du ch\u00e2teau de Saint Elix le ch\u00e2teau. Nous avons \u00e9galement propos\u00e9 une collaboration avec l&#8217;association des parents d&#8217;\u00e9l\u00e8ves PEL MEL. Une initiative subventionn\u00e9e par la communaut\u00e9 de Communes Coeur de Garonne. Une quinzaine de b\u00e9n\u00e9voles non danseurs ont gravit\u00e9 autour de la pr\u00e9paration de la journ\u00e9e.<\/p>\n\n\n\n<p>Beaucoup de petites mains mais aussi de grands bras costauds. Le public a r\u00e9pondu pr\u00e9sent et s&#8217;est laiss\u00e9 porter par la mise en sc\u00e8ne envo\u00fbtante et pleine d&#8217;\u00e9motions de la troupe L\u00e9gendes.<\/p>\n\n\n\n<p>Pour cl\u00f4turer la soir\u00e9e, la troupe s\u2019est m\u00eal\u00e9e aux nombreux spectateurs.<\/p>\n\n\n\n<figure class=\"wp-block-gallery has-nested-images columns-default is-cropped wp-block-gallery-1 is-layout-flex wp-block-gallery-is-layout-flex\">\n<figure class=\"wp-block-image size-large\"><img loading=\"lazy\" decoding=\"async\" width=\"1024\" height=\"683\" data-id=\"234\" src=\"http:\/\/www.latroupelegendes.com\/wp-content\/uploads\/2024\/12\/IMG_2452-1-1024x683.jpg\" alt=\"\" class=\"wp-image-234\" srcset=\"https:\/\/www.latroupelegendes.com\/wp-content\/uploads\/2024\/12\/IMG_2452-1-1024x683.jpg 1024w, https:\/\/www.latroupelegendes.com\/wp-content\/uploads\/2024\/12\/IMG_2452-1-300x200.jpg 300w, https:\/\/www.latroupelegendes.com\/wp-content\/uploads\/2024\/12\/IMG_2452-1-768x512.jpg 768w, https:\/\/www.latroupelegendes.com\/wp-content\/uploads\/2024\/12\/IMG_2452-1-1536x1024.jpg 1536w, https:\/\/www.latroupelegendes.com\/wp-content\/uploads\/2024\/12\/IMG_2452-1-2048x1365.jpg 2048w\" sizes=\"auto, (max-width: 1024px) 100vw, 1024px\" \/><\/figure>\n\n\n\n<figure class=\"wp-block-image size-large\"><img loading=\"lazy\" decoding=\"async\" width=\"1024\" height=\"683\" data-id=\"233\" src=\"http:\/\/www.latroupelegendes.com\/wp-content\/uploads\/2024\/12\/IMG_2443-1024x683.jpg\" alt=\"\" class=\"wp-image-233\" srcset=\"https:\/\/www.latroupelegendes.com\/wp-content\/uploads\/2024\/12\/IMG_2443-1024x683.jpg 1024w, https:\/\/www.latroupelegendes.com\/wp-content\/uploads\/2024\/12\/IMG_2443-300x200.jpg 300w, https:\/\/www.latroupelegendes.com\/wp-content\/uploads\/2024\/12\/IMG_2443-768x512.jpg 768w, https:\/\/www.latroupelegendes.com\/wp-content\/uploads\/2024\/12\/IMG_2443-1536x1024.jpg 1536w, https:\/\/www.latroupelegendes.com\/wp-content\/uploads\/2024\/12\/IMG_2443-2048x1365.jpg 2048w\" sizes=\"auto, (max-width: 1024px) 100vw, 1024px\" \/><\/figure>\n\n\n\n<figure class=\"wp-block-image size-large\"><img loading=\"lazy\" decoding=\"async\" width=\"683\" height=\"1024\" data-id=\"232\" src=\"http:\/\/www.latroupelegendes.com\/wp-content\/uploads\/2024\/12\/IMG_2470-683x1024.jpg\" alt=\"\" class=\"wp-image-232\" srcset=\"https:\/\/www.latroupelegendes.com\/wp-content\/uploads\/2024\/12\/IMG_2470-683x1024.jpg 683w, https:\/\/www.latroupelegendes.com\/wp-content\/uploads\/2024\/12\/IMG_2470-200x300.jpg 200w, https:\/\/www.latroupelegendes.com\/wp-content\/uploads\/2024\/12\/IMG_2470-768x1152.jpg 768w, https:\/\/www.latroupelegendes.com\/wp-content\/uploads\/2024\/12\/IMG_2470-1024x1536.jpg 1024w, https:\/\/www.latroupelegendes.com\/wp-content\/uploads\/2024\/12\/IMG_2470-1365x2048.jpg 1365w, https:\/\/www.latroupelegendes.com\/wp-content\/uploads\/2024\/12\/IMG_2470-scaled.jpg 1707w\" sizes=\"auto, (max-width: 683px) 100vw, 683px\" \/><\/figure>\n\n\n\n<figure class=\"wp-block-image size-large\"><img loading=\"lazy\" decoding=\"async\" width=\"1024\" height=\"683\" data-id=\"231\" src=\"http:\/\/www.latroupelegendes.com\/wp-content\/uploads\/2024\/12\/IMG_2434-1024x683.jpg\" alt=\"\" class=\"wp-image-231\" srcset=\"https:\/\/www.latroupelegendes.com\/wp-content\/uploads\/2024\/12\/IMG_2434-1024x683.jpg 1024w, https:\/\/www.latroupelegendes.com\/wp-content\/uploads\/2024\/12\/IMG_2434-300x200.jpg 300w, https:\/\/www.latroupelegendes.com\/wp-content\/uploads\/2024\/12\/IMG_2434-768x512.jpg 768w, https:\/\/www.latroupelegendes.com\/wp-content\/uploads\/2024\/12\/IMG_2434-1536x1024.jpg 1536w, https:\/\/www.latroupelegendes.com\/wp-content\/uploads\/2024\/12\/IMG_2434-2048x1365.jpg 2048w\" sizes=\"auto, (max-width: 1024px) 100vw, 1024px\" \/><\/figure>\n\n\n\n<figure class=\"wp-block-image size-large\"><img loading=\"lazy\" decoding=\"async\" width=\"1024\" height=\"683\" data-id=\"230\" src=\"http:\/\/www.latroupelegendes.com\/wp-content\/uploads\/2024\/12\/IMG_2435-1024x683.jpg\" alt=\"\" class=\"wp-image-230\" srcset=\"https:\/\/www.latroupelegendes.com\/wp-content\/uploads\/2024\/12\/IMG_2435-1024x683.jpg 1024w, https:\/\/www.latroupelegendes.com\/wp-content\/uploads\/2024\/12\/IMG_2435-300x200.jpg 300w, https:\/\/www.latroupelegendes.com\/wp-content\/uploads\/2024\/12\/IMG_2435-768x512.jpg 768w, https:\/\/www.latroupelegendes.com\/wp-content\/uploads\/2024\/12\/IMG_2435-1536x1024.jpg 1536w, https:\/\/www.latroupelegendes.com\/wp-content\/uploads\/2024\/12\/IMG_2435-2048x1365.jpg 2048w\" sizes=\"auto, (max-width: 1024px) 100vw, 1024px\" \/><\/figure>\n\n\n\n<figure class=\"wp-block-image size-large\"><img loading=\"lazy\" decoding=\"async\" width=\"1024\" height=\"576\" data-id=\"204\" src=\"http:\/\/www.latroupelegendes.com\/wp-content\/uploads\/2024\/12\/El-Dia-de-los-muertos2-1024x576.jpg\" alt=\"\" class=\"wp-image-204\" srcset=\"https:\/\/www.latroupelegendes.com\/wp-content\/uploads\/2024\/12\/El-Dia-de-los-muertos2-1024x576.jpg 1024w, https:\/\/www.latroupelegendes.com\/wp-content\/uploads\/2024\/12\/El-Dia-de-los-muertos2-300x169.jpg 300w, https:\/\/www.latroupelegendes.com\/wp-content\/uploads\/2024\/12\/El-Dia-de-los-muertos2-768x432.jpg 768w, https:\/\/www.latroupelegendes.com\/wp-content\/uploads\/2024\/12\/El-Dia-de-los-muertos2-1536x864.jpg 1536w, https:\/\/www.latroupelegendes.com\/wp-content\/uploads\/2024\/12\/El-Dia-de-los-muertos2-2048x1152.jpg 2048w\" sizes=\"auto, (max-width: 1024px) 100vw, 1024px\" \/><\/figure>\n\n\n\n<figure class=\"wp-block-image size-large\"><img loading=\"lazy\" decoding=\"async\" width=\"1024\" height=\"683\" data-id=\"130\" src=\"http:\/\/www.latroupelegendes.com\/wp-content\/uploads\/2024\/12\/IMG_2506-1024x683.jpg\" alt=\"\" class=\"wp-image-130\" srcset=\"https:\/\/www.latroupelegendes.com\/wp-content\/uploads\/2024\/12\/IMG_2506-1024x683.jpg 1024w, https:\/\/www.latroupelegendes.com\/wp-content\/uploads\/2024\/12\/IMG_2506-300x200.jpg 300w, https:\/\/www.latroupelegendes.com\/wp-content\/uploads\/2024\/12\/IMG_2506-768x512.jpg 768w, https:\/\/www.latroupelegendes.com\/wp-content\/uploads\/2024\/12\/IMG_2506-1536x1024.jpg 1536w, https:\/\/www.latroupelegendes.com\/wp-content\/uploads\/2024\/12\/IMG_2506-2048x1365.jpg 2048w\" sizes=\"auto, (max-width: 1024px) 100vw, 1024px\" \/><\/figure>\n\n\n\n<figure class=\"wp-block-image size-large\"><img loading=\"lazy\" decoding=\"async\" width=\"1024\" height=\"683\" data-id=\"129\" src=\"http:\/\/www.latroupelegendes.com\/wp-content\/uploads\/2024\/12\/IMG_2495-1024x683.jpg\" alt=\"\" class=\"wp-image-129\" srcset=\"https:\/\/www.latroupelegendes.com\/wp-content\/uploads\/2024\/12\/IMG_2495-1024x683.jpg 1024w, https:\/\/www.latroupelegendes.com\/wp-content\/uploads\/2024\/12\/IMG_2495-300x200.jpg 300w, https:\/\/www.latroupelegendes.com\/wp-content\/uploads\/2024\/12\/IMG_2495-768x512.jpg 768w, https:\/\/www.latroupelegendes.com\/wp-content\/uploads\/2024\/12\/IMG_2495-1536x1024.jpg 1536w, https:\/\/www.latroupelegendes.com\/wp-content\/uploads\/2024\/12\/IMG_2495-2048x1365.jpg 2048w\" sizes=\"auto, (max-width: 1024px) 100vw, 1024px\" \/><\/figure>\n\n\n\n<figure class=\"wp-block-image size-large\"><img loading=\"lazy\" decoding=\"async\" width=\"1024\" height=\"683\" data-id=\"122\" src=\"http:\/\/www.latroupelegendes.com\/wp-content\/uploads\/2024\/12\/IMG_2464-1024x683.jpg\" alt=\"\" class=\"wp-image-122\" srcset=\"https:\/\/www.latroupelegendes.com\/wp-content\/uploads\/2024\/12\/IMG_2464-1024x683.jpg 1024w, https:\/\/www.latroupelegendes.com\/wp-content\/uploads\/2024\/12\/IMG_2464-300x200.jpg 300w, https:\/\/www.latroupelegendes.com\/wp-content\/uploads\/2024\/12\/IMG_2464-768x512.jpg 768w, https:\/\/www.latroupelegendes.com\/wp-content\/uploads\/2024\/12\/IMG_2464-1536x1024.jpg 1536w, https:\/\/www.latroupelegendes.com\/wp-content\/uploads\/2024\/12\/IMG_2464-2048x1365.jpg 2048w\" sizes=\"auto, (max-width: 1024px) 100vw, 1024px\" \/><\/figure>\n\n\n\n<figure class=\"wp-block-image size-large\"><img loading=\"lazy\" decoding=\"async\" width=\"1024\" height=\"683\" data-id=\"123\" src=\"http:\/\/www.latroupelegendes.com\/wp-content\/uploads\/2024\/12\/IMG_2471-1024x683.jpg\" alt=\"\" class=\"wp-image-123\" srcset=\"https:\/\/www.latroupelegendes.com\/wp-content\/uploads\/2024\/12\/IMG_2471-1024x683.jpg 1024w, https:\/\/www.latroupelegendes.com\/wp-content\/uploads\/2024\/12\/IMG_2471-300x200.jpg 300w, https:\/\/www.latroupelegendes.com\/wp-content\/uploads\/2024\/12\/IMG_2471-768x512.jpg 768w, https:\/\/www.latroupelegendes.com\/wp-content\/uploads\/2024\/12\/IMG_2471-1536x1024.jpg 1536w, https:\/\/www.latroupelegendes.com\/wp-content\/uploads\/2024\/12\/IMG_2471-2048x1365.jpg 2048w\" sizes=\"auto, (max-width: 1024px) 100vw, 1024px\" \/><\/figure>\n\n\n\n<figure class=\"wp-block-image size-large\"><img loading=\"lazy\" decoding=\"async\" width=\"1024\" height=\"683\" data-id=\"125\" src=\"http:\/\/www.latroupelegendes.com\/wp-content\/uploads\/2024\/12\/IMG_2477-1024x683.jpg\" alt=\"\" class=\"wp-image-125\" srcset=\"https:\/\/www.latroupelegendes.com\/wp-content\/uploads\/2024\/12\/IMG_2477-1024x683.jpg 1024w, https:\/\/www.latroupelegendes.com\/wp-content\/uploads\/2024\/12\/IMG_2477-300x200.jpg 300w, https:\/\/www.latroupelegendes.com\/wp-content\/uploads\/2024\/12\/IMG_2477-768x512.jpg 768w, https:\/\/www.latroupelegendes.com\/wp-content\/uploads\/2024\/12\/IMG_2477-1536x1024.jpg 1536w, https:\/\/www.latroupelegendes.com\/wp-content\/uploads\/2024\/12\/IMG_2477-2048x1365.jpg 2048w\" sizes=\"auto, (max-width: 1024px) 100vw, 1024px\" \/><\/figure>\n\n\n\n<figure class=\"wp-block-image size-large\"><img loading=\"lazy\" decoding=\"async\" width=\"1024\" height=\"683\" data-id=\"126\" src=\"http:\/\/www.latroupelegendes.com\/wp-content\/uploads\/2024\/12\/IMG_2479-1024x683.jpg\" alt=\"\" class=\"wp-image-126\" srcset=\"https:\/\/www.latroupelegendes.com\/wp-content\/uploads\/2024\/12\/IMG_2479-1024x683.jpg 1024w, https:\/\/www.latroupelegendes.com\/wp-content\/uploads\/2024\/12\/IMG_2479-300x200.jpg 300w, https:\/\/www.latroupelegendes.com\/wp-content\/uploads\/2024\/12\/IMG_2479-768x512.jpg 768w, https:\/\/www.latroupelegendes.com\/wp-content\/uploads\/2024\/12\/IMG_2479-1536x1024.jpg 1536w, https:\/\/www.latroupelegendes.com\/wp-content\/uploads\/2024\/12\/IMG_2479-2048x1365.jpg 2048w\" sizes=\"auto, (max-width: 1024px) 100vw, 1024px\" \/><\/figure>\n\n\n\n<figure class=\"wp-block-image size-large\"><img loading=\"lazy\" decoding=\"async\" width=\"1024\" height=\"683\" data-id=\"127\" src=\"http:\/\/www.latroupelegendes.com\/wp-content\/uploads\/2024\/12\/IMG_2487-1024x683.jpg\" alt=\"\" class=\"wp-image-127\" srcset=\"https:\/\/www.latroupelegendes.com\/wp-content\/uploads\/2024\/12\/IMG_2487-1024x683.jpg 1024w, https:\/\/www.latroupelegendes.com\/wp-content\/uploads\/2024\/12\/IMG_2487-300x200.jpg 300w, https:\/\/www.latroupelegendes.com\/wp-content\/uploads\/2024\/12\/IMG_2487-768x512.jpg 768w, https:\/\/www.latroupelegendes.com\/wp-content\/uploads\/2024\/12\/IMG_2487-1536x1024.jpg 1536w, https:\/\/www.latroupelegendes.com\/wp-content\/uploads\/2024\/12\/IMG_2487-2048x1365.jpg 2048w\" sizes=\"auto, (max-width: 1024px) 100vw, 1024px\" \/><\/figure>\n\n\n\n<figure class=\"wp-block-image size-large\"><img loading=\"lazy\" decoding=\"async\" width=\"1024\" height=\"683\" data-id=\"128\" src=\"http:\/\/www.latroupelegendes.com\/wp-content\/uploads\/2024\/12\/IMG_2490-1024x683.jpg\" alt=\"\" class=\"wp-image-128\" srcset=\"https:\/\/www.latroupelegendes.com\/wp-content\/uploads\/2024\/12\/IMG_2490-1024x683.jpg 1024w, https:\/\/www.latroupelegendes.com\/wp-content\/uploads\/2024\/12\/IMG_2490-300x200.jpg 300w, https:\/\/www.latroupelegendes.com\/wp-content\/uploads\/2024\/12\/IMG_2490-768x512.jpg 768w, https:\/\/www.latroupelegendes.com\/wp-content\/uploads\/2024\/12\/IMG_2490-1536x1024.jpg 1536w, https:\/\/www.latroupelegendes.com\/wp-content\/uploads\/2024\/12\/IMG_2490-2048x1365.jpg 2048w\" sizes=\"auto, (max-width: 1024px) 100vw, 1024px\" \/><\/figure>\n\n\n\n<figure class=\"wp-block-image size-large\"><img loading=\"lazy\" decoding=\"async\" width=\"1024\" height=\"683\" data-id=\"121\" src=\"http:\/\/www.latroupelegendes.com\/wp-content\/uploads\/2024\/12\/IMG_2448-1024x683.jpg\" alt=\"\" class=\"wp-image-121\" srcset=\"https:\/\/www.latroupelegendes.com\/wp-content\/uploads\/2024\/12\/IMG_2448-1024x683.jpg 1024w, https:\/\/www.latroupelegendes.com\/wp-content\/uploads\/2024\/12\/IMG_2448-300x200.jpg 300w, https:\/\/www.latroupelegendes.com\/wp-content\/uploads\/2024\/12\/IMG_2448-768x512.jpg 768w, https:\/\/www.latroupelegendes.com\/wp-content\/uploads\/2024\/12\/IMG_2448-1536x1024.jpg 1536w, https:\/\/www.latroupelegendes.com\/wp-content\/uploads\/2024\/12\/IMG_2448-2048x1365.jpg 2048w\" sizes=\"auto, (max-width: 1024px) 100vw, 1024px\" \/><\/figure>\n\n\n\n<figure class=\"wp-block-image size-large\"><img loading=\"lazy\" decoding=\"async\" width=\"1024\" height=\"683\" data-id=\"120\" src=\"http:\/\/www.latroupelegendes.com\/wp-content\/uploads\/2024\/12\/IMG_2454-1024x683.jpg\" alt=\"\" class=\"wp-image-120\" srcset=\"https:\/\/www.latroupelegendes.com\/wp-content\/uploads\/2024\/12\/IMG_2454-1024x683.jpg 1024w, https:\/\/www.latroupelegendes.com\/wp-content\/uploads\/2024\/12\/IMG_2454-300x200.jpg 300w, https:\/\/www.latroupelegendes.com\/wp-content\/uploads\/2024\/12\/IMG_2454-768x512.jpg 768w, https:\/\/www.latroupelegendes.com\/wp-content\/uploads\/2024\/12\/IMG_2454-1536x1024.jpg 1536w, https:\/\/www.latroupelegendes.com\/wp-content\/uploads\/2024\/12\/IMG_2454-2048x1365.jpg 2048w\" sizes=\"auto, (max-width: 1024px) 100vw, 1024px\" \/><\/figure>\n\n\n\n<figure class=\"wp-block-image size-large\"><img loading=\"lazy\" decoding=\"async\" width=\"1024\" height=\"683\" data-id=\"119\" src=\"http:\/\/www.latroupelegendes.com\/wp-content\/uploads\/2024\/12\/IMG_2447-1024x683.jpg\" alt=\"\" class=\"wp-image-119\" srcset=\"https:\/\/www.latroupelegendes.com\/wp-content\/uploads\/2024\/12\/IMG_2447-1024x683.jpg 1024w, https:\/\/www.latroupelegendes.com\/wp-content\/uploads\/2024\/12\/IMG_2447-300x200.jpg 300w, https:\/\/www.latroupelegendes.com\/wp-content\/uploads\/2024\/12\/IMG_2447-768x512.jpg 768w, https:\/\/www.latroupelegendes.com\/wp-content\/uploads\/2024\/12\/IMG_2447-1536x1024.jpg 1536w, https:\/\/www.latroupelegendes.com\/wp-content\/uploads\/2024\/12\/IMG_2447-2048x1365.jpg 2048w\" sizes=\"auto, (max-width: 1024px) 100vw, 1024px\" \/><\/figure>\n\n\n\n<figure class=\"wp-block-image size-large\"><img loading=\"lazy\" decoding=\"async\" width=\"1024\" height=\"683\" data-id=\"118\" src=\"http:\/\/www.latroupelegendes.com\/wp-content\/uploads\/2024\/12\/IMG_2439-1024x683.jpg\" alt=\"\" class=\"wp-image-118\" srcset=\"https:\/\/www.latroupelegendes.com\/wp-content\/uploads\/2024\/12\/IMG_2439-1024x683.jpg 1024w, https:\/\/www.latroupelegendes.com\/wp-content\/uploads\/2024\/12\/IMG_2439-300x200.jpg 300w, https:\/\/www.latroupelegendes.com\/wp-content\/uploads\/2024\/12\/IMG_2439-768x512.jpg 768w, https:\/\/www.latroupelegendes.com\/wp-content\/uploads\/2024\/12\/IMG_2439-1536x1024.jpg 1536w, https:\/\/www.latroupelegendes.com\/wp-content\/uploads\/2024\/12\/IMG_2439-2048x1365.jpg 2048w\" sizes=\"auto, (max-width: 1024px) 100vw, 1024px\" \/><\/figure>\n\n\n\n<figure class=\"wp-block-image size-large\"><img loading=\"lazy\" decoding=\"async\" width=\"1024\" height=\"683\" data-id=\"116\" src=\"http:\/\/www.latroupelegendes.com\/wp-content\/uploads\/2024\/12\/IMG_2440-1024x683.jpg\" alt=\"\" class=\"wp-image-116\" srcset=\"https:\/\/www.latroupelegendes.com\/wp-content\/uploads\/2024\/12\/IMG_2440-1024x683.jpg 1024w, https:\/\/www.latroupelegendes.com\/wp-content\/uploads\/2024\/12\/IMG_2440-300x200.jpg 300w, https:\/\/www.latroupelegendes.com\/wp-content\/uploads\/2024\/12\/IMG_2440-768x512.jpg 768w, https:\/\/www.latroupelegendes.com\/wp-content\/uploads\/2024\/12\/IMG_2440-1536x1024.jpg 1536w, https:\/\/www.latroupelegendes.com\/wp-content\/uploads\/2024\/12\/IMG_2440-2048x1365.jpg 2048w\" sizes=\"auto, (max-width: 1024px) 100vw, 1024px\" \/><\/figure>\n<\/figure>\n\n\n\n<p>Une collecte de bonbons pour les enfants a \u00e9t\u00e9 organis\u00e9e puis une buvette et soir\u00e9e anim\u00e9e \u00e9tait propos\u00e9es. Un food truck aux saveurs mexicaines \u00e9tait sur place.<\/p>\n","protected":false},"excerpt":{"rendered":"<p>Cette ann\u00e9e 2023, la troupe a eu envie de mettre en valeur et d&#8217;exploiter le patrimoine local, la cour du ch\u00e2teau de Saint Elix le ch\u00e2teau. Nous avons \u00e9galement propos\u00e9 une collaboration avec l&#8217;association des parents d&#8217;\u00e9l\u00e8ves PEL MEL. Une initiative subventionn\u00e9e par la communaut\u00e9 de Communes Coeur de Garonne. Une quinzaine de b\u00e9n\u00e9voles non &hellip;<\/p>\n<p class=\"read-more\"> <a class=\"\" href=\"https:\/\/www.latroupelegendes.com\/index.php\/halloween-2023-el-dia-de-los-muertos\/\"> <span class=\"screen-reader-text\">Halloween 2023 &#8211; El Dia De Los Muertos<\/span> Read More &raquo;<\/a><\/p>\n","protected":false},"author":1,"featured_media":0,"parent":0,"menu_order":0,"comment_status":"closed","ping_status":"closed","template":"","meta":{"site-sidebar-layout":"default","site-content-layout":"","ast-site-content-layout":"","site-content-style":"default","site-sidebar-style":"default","ast-global-header-display":"","ast-banner-title-visibility":"","ast-main-header-display":"","ast-hfb-above-header-display":"","ast-hfb-below-header-display":"","ast-hfb-mobile-header-display":"","site-post-title":"","ast-breadcrumbs-content":"","ast-featured-img":"","footer-sml-layout":"","theme-transparent-header-meta":"","adv-header-id-meta":"","stick-header-meta":"","header-above-stick-meta":"","header-main-stick-meta":"","header-below-stick-meta":"","astra-migrate-meta-layouts":"","ast-page-background-enabled":"default","ast-page-background-meta":{"desktop":{"background-color":"var(--ast-global-color-4)","background-image":"","background-repeat":"repeat","background-position":"center center","background-size":"auto","background-attachment":"scroll","background-type":"","background-media":"","overlay-type":"","overlay-color":"","overlay-gradient":""},"tablet":{"background-color":"","background-image":"","background-repeat":"repeat","background-position":"center center","background-size":"auto","background-attachment":"scroll","background-type":"","background-media":"","overlay-type":"","overlay-color":"","overlay-gradient":""},"mobile":{"background-color":"","background-image":"","background-repeat":"repeat","background-position":"center center","background-size":"auto","background-attachment":"scroll","background-type":"","background-media":"","overlay-type":"","overlay-color":"","overlay-gradient":""}},"ast-content-background-meta":{"desktop":{"background-color":"var(--ast-global-color-5)","background-image":"","background-repeat":"repeat","background-position":"center center","background-size":"auto","background-attachment":"scroll","background-type":"","background-media":"","overlay-type":"","overlay-color":"","overlay-gradient":""},"tablet":{"background-color":"var(--ast-global-color-5)","background-image":"","background-repeat":"repeat","background-position":"center center","background-size":"auto","background-attachment":"scroll","background-type":"","background-media":"","overlay-type":"","overlay-color":"","overlay-gradient":""},"mobile":{"background-color":"var(--ast-global-color-5)","background-image":"","background-repeat":"repeat","background-position":"center center","background-size":"auto","background-attachment":"scroll","background-type":"","background-media":"","overlay-type":"","overlay-color":"","overlay-gradient":""}},"footnotes":""},"class_list":["post-432","page","type-page","status-publish","hentry"],"_links":{"self":[{"href":"https:\/\/www.latroupelegendes.com\/index.php\/wp-json\/wp\/v2\/pages\/432","targetHints":{"allow":["GET"]}}],"collection":[{"href":"https:\/\/www.latroupelegendes.com\/index.php\/wp-json\/wp\/v2\/pages"}],"about":[{"href":"https:\/\/www.latroupelegendes.com\/index.php\/wp-json\/wp\/v2\/types\/page"}],"author":[{"embeddable":true,"href":"https:\/\/www.latroupelegendes.com\/index.php\/wp-json\/wp\/v2\/users\/1"}],"replies":[{"embeddable":true,"href":"https:\/\/www.latroupelegendes.com\/index.php\/wp-json\/wp\/v2\/comments?post=432"}],"version-history":[{"count":3,"href":"https:\/\/www.latroupelegendes.com\/index.php\/wp-json\/wp\/v2\/pages\/432\/revisions"}],"predecessor-version":[{"id":528,"href":"https:\/\/www.latroupelegendes.com\/index.php\/wp-json\/wp\/v2\/pages\/432\/revisions\/528"}],"wp:attachment":[{"href":"https:\/\/www.latroupelegendes.com\/index.php\/wp-json\/wp\/v2\/media?parent=432"}],"curies":[{"name":"wp","href":"https:\/\/api.w.org\/{rel}","templated":true}]}}