{"id":448,"date":"2024-12-12T13:38:17","date_gmt":"2024-12-12T12:38:17","guid":{"rendered":"http:\/\/www.latroupelegendes.com\/?page_id=448"},"modified":"2024-12-12T15:53:55","modified_gmt":"2024-12-12T14:53:55","slug":"la-journee-des-droits-des-femmes-2023-respect","status":"publish","type":"page","link":"https:\/\/www.latroupelegendes.com\/index.php\/la-journee-des-droits-des-femmes-2023-respect\/","title":{"rendered":"La Journ\u00e9e des droits des femmes 2023 &#8211; Respect"},"content":{"rendered":"\n<p><p class=\"cvGsUA direction-ltr align-justify para-style-body\" style=\"color: rgb(77, 77, 77); font-family: &quot;YAFdJi-0PQg 0&quot;, &quot;_fb_&quot;, &quot;auto&quot;; --cyV3ZQ: 16px; --gJPlXQ: 1.4; text-transform: none; line-height: 22px;\"><\/p><p class=\"cvGsUA direction-ltr align-justify para-style-body\" style=\"color: rgb(77, 77, 77); font-family: &quot;YAFdJi-0PQg 0&quot;, &quot;_fb_&quot;, &quot;auto&quot;; --cyV3ZQ: 16px; --gJPlXQ: 1.4; text-transform: none; line-height: 22px;\"><\/p><p class=\"cvGsUA direction-ltr align-justify para-style-body\" style=\"color: rgb(77, 77, 77); font-family: &quot;YAFdJi-0PQg 0&quot;, &quot;_fb_&quot;, &quot;auto&quot;; --cyV3ZQ: 16px; --gJPlXQ: 1.4; text-transform: none; line-height: 22px;\"><span class=\"OYPEnA font-feature-liga-off font-feature-clig-off font-feature-calt-off text-decoration-none text-strikethrough-none\" style=\"color: rgb(77, 77, 77); font-weight: 300; font-style: normal; font-kerning: none;\">Une ambiance noir et blanc, un style working-girl \u00e0 la gar\u00e7onne.<\/span><\/p><p class=\"cvGsUA direction-ltr align-justify para-style-body\" style=\"color: rgb(77, 77, 77); font-family: &quot;YAFdJi-0PQg 0&quot;, &quot;_fb_&quot;, &quot;auto&quot;; --cyV3ZQ: 16px; --gJPlXQ: 1.4; text-transform: none; line-height: 22px;\"><span class=\"OYPEnA font-feature-liga-off font-feature-clig-off font-feature-calt-off text-decoration-none text-strikethrough-none\" style=\"color: rgb(77, 77, 77); font-weight: 300; font-style: normal; font-kerning: none;\">Les cheveux d\u00e9tach\u00e9s, un maquillage l\u00e9ger voire naturel, c&#8217;est un choix !<\/span><\/p><p class=\"cvGsUA direction-ltr align-justify para-style-body\" style=\"color: rgb(77, 77, 77); font-family: &quot;YAFdJi-0PQg 0&quot;, &quot;_fb_&quot;, &quot;auto&quot;; --cyV3ZQ: 16px; --gJPlXQ: 1.4; text-transform: none; line-height: 22px;\"><span class=\"OYPEnA font-feature-liga-off font-feature-clig-off font-feature-calt-off text-decoration-none text-strikethrough-none\" style=\"color: rgb(77, 77, 77); font-weight: 700; font-style: normal; font-kerning: none;\">Amandine Rozier,<\/span><span class=\"OYPEnA font-feature-liga-off font-feature-clig-off font-feature-calt-off text-decoration-none text-strikethrough-none\" style=\"color: rgb(77, 77, 77); font-weight: 300; font-style: normal; font-kerning: none;\"> la chor\u00e9graphe nous a offert une mise en sc\u00e8ne tr\u00e8s touchante cette ann\u00e9e.<\/span><\/p><p class=\"cvGsUA direction-ltr align-justify para-style-body\" style=\"color: rgb(77, 77, 77); font-family: &quot;YAFdJi-0PQg 0&quot;, &quot;_fb_&quot;, &quot;auto&quot;; --cyV3ZQ: 16px; --gJPlXQ: 1.4; text-transform: none; line-height: 22px;\"><span class=\"OYPEnA font-feature-liga-off font-feature-clig-off font-feature-calt-off text-decoration-none text-strikethrough-none\" style=\"color: rgb(77, 77, 77); font-weight: 300; font-style: normal; font-kerning: none;\">Elle a jou\u00e9 la carte de l&#8217;\u00e9motion. Elle a choisi seulement <\/span><span class=\"OYPEnA font-feature-liga-off font-feature-clig-off font-feature-calt-off text-strikethrough-none text-decoration-underline\" style=\"color: rgb(77, 77, 77); font-weight: 300; font-style: normal; font-kerning: none;\">des artistes f\u00e9minines<\/span><span class=\"OYPEnA font-feature-liga-off font-feature-clig-off font-feature-calt-off text-strikethrough-none text-decoration-none\" style=\"color: rgb(77, 77, 77); font-weight: 300; font-style: normal; font-kerning: none;\"> pour sa bande originale. Elle a voulu passer des messages dansants, et a utilis\u00e9 la langue des signes dans une de ses chor\u00e9graphies.<\/span><\/p><p class=\"cvGsUA direction-ltr align-justify para-style-body\" style=\"color: rgb(77, 77, 77); font-family: &quot;YAFdJi-0PQg 0&quot;, &quot;_fb_&quot;, &quot;auto&quot;; --cyV3ZQ: 16px; --gJPlXQ: 1.4; text-transform: none; line-height: 22px;\"><\/p><p class=\"cvGsUA direction-ltr align-justify para-style-body\" style=\"color: rgb(77, 77, 77); font-family: &quot;YAFdJi-0PQg 0&quot;, &quot;_fb_&quot;, &quot;auto&quot;; --cyV3ZQ: 16px; --gJPlXQ: 1.4; text-transform: none; line-height: 22px;\"><span class=\"OYPEnA font-feature-liga-off font-feature-clig-off font-feature-calt-off text-decoration-none text-strikethrough-none\" style=\"color: rgb(77, 77, 77); font-weight: 300; font-style: normal; font-kerning: none;\">C&#8217;\u00e9tait une belle r\u00e9ussite, le message est pass\u00e9, beaucoup de larmes ont coul\u00e9 dans le public.<\/span><\/p><\/p>\n\n\n\n<figure class=\"wp-block-gallery has-nested-images columns-default is-cropped wp-block-gallery-1 is-layout-flex wp-block-gallery-is-layout-flex\">\n<figure class=\"wp-block-image size-large\"><img loading=\"lazy\" decoding=\"async\" width=\"850\" height=\"445\" data-id=\"449\" src=\"http:\/\/www.latroupelegendes.com\/wp-content\/uploads\/2024\/12\/IMG-20230612-WA0004-1.jpg\" alt=\"\" class=\"wp-image-449\" srcset=\"https:\/\/www.latroupelegendes.com\/wp-content\/uploads\/2024\/12\/IMG-20230612-WA0004-1.jpg 850w, https:\/\/www.latroupelegendes.com\/wp-content\/uploads\/2024\/12\/IMG-20230612-WA0004-1-300x157.jpg 300w, https:\/\/www.latroupelegendes.com\/wp-content\/uploads\/2024\/12\/IMG-20230612-WA0004-1-768x402.jpg 768w\" sizes=\"auto, (max-width: 850px) 100vw, 850px\" \/><\/figure>\n\n\n\n<figure class=\"wp-block-image size-large\"><img loading=\"lazy\" decoding=\"async\" width=\"754\" height=\"498\" data-id=\"450\" src=\"http:\/\/www.latroupelegendes.com\/wp-content\/uploads\/2024\/12\/IMG-20231213-WA0059-1.jpg\" alt=\"\" class=\"wp-image-450\" srcset=\"https:\/\/www.latroupelegendes.com\/wp-content\/uploads\/2024\/12\/IMG-20231213-WA0059-1.jpg 754w, https:\/\/www.latroupelegendes.com\/wp-content\/uploads\/2024\/12\/IMG-20231213-WA0059-1-300x198.jpg 300w\" sizes=\"auto, (max-width: 754px) 100vw, 754px\" \/><\/figure>\n\n\n\n<figure class=\"wp-block-image size-large\"><img loading=\"lazy\" decoding=\"async\" width=\"594\" height=\"1024\" data-id=\"451\" src=\"http:\/\/www.latroupelegendes.com\/wp-content\/uploads\/2024\/12\/IMG-20231213-WA0060-1-594x1024.jpg\" alt=\"\" class=\"wp-image-451\" srcset=\"https:\/\/www.latroupelegendes.com\/wp-content\/uploads\/2024\/12\/IMG-20231213-WA0060-1-594x1024.jpg 594w, https:\/\/www.latroupelegendes.com\/wp-content\/uploads\/2024\/12\/IMG-20231213-WA0060-1-174x300.jpg 174w, https:\/\/www.latroupelegendes.com\/wp-content\/uploads\/2024\/12\/IMG-20231213-WA0060-1-768x1324.jpg 768w, https:\/\/www.latroupelegendes.com\/wp-content\/uploads\/2024\/12\/IMG-20231213-WA0060-1.jpg 858w\" sizes=\"auto, (max-width: 594px) 100vw, 594px\" \/><\/figure>\n\n\n\n<figure class=\"wp-block-image size-large\"><img loading=\"lazy\" decoding=\"async\" width=\"826\" height=\"544\" data-id=\"452\" src=\"http:\/\/www.latroupelegendes.com\/wp-content\/uploads\/2024\/12\/IMG-20231213-WA0061-1.jpg\" alt=\"\" class=\"wp-image-452\" srcset=\"https:\/\/www.latroupelegendes.com\/wp-content\/uploads\/2024\/12\/IMG-20231213-WA0061-1.jpg 826w, https:\/\/www.latroupelegendes.com\/wp-content\/uploads\/2024\/12\/IMG-20231213-WA0061-1-300x198.jpg 300w, https:\/\/www.latroupelegendes.com\/wp-content\/uploads\/2024\/12\/IMG-20231213-WA0061-1-768x506.jpg 768w\" sizes=\"auto, (max-width: 826px) 100vw, 826px\" \/><\/figure>\n\n\n\n<figure class=\"wp-block-image size-large\"><img loading=\"lazy\" decoding=\"async\" width=\"1024\" height=\"1024\" data-id=\"453\" src=\"http:\/\/www.latroupelegendes.com\/wp-content\/uploads\/2024\/12\/Journee-Femme-2023-1024x1024.jpg\" alt=\"\" class=\"wp-image-453\" srcset=\"https:\/\/www.latroupelegendes.com\/wp-content\/uploads\/2024\/12\/Journee-Femme-2023-1024x1024.jpg 1024w, https:\/\/www.latroupelegendes.com\/wp-content\/uploads\/2024\/12\/Journee-Femme-2023-300x300.jpg 300w, https:\/\/www.latroupelegendes.com\/wp-content\/uploads\/2024\/12\/Journee-Femme-2023-150x150.jpg 150w, https:\/\/www.latroupelegendes.com\/wp-content\/uploads\/2024\/12\/Journee-Femme-2023-768x768.jpg 768w, https:\/\/www.latroupelegendes.com\/wp-content\/uploads\/2024\/12\/Journee-Femme-2023.jpg 1125w\" sizes=\"auto, (max-width: 1024px) 100vw, 1024px\" \/><\/figure>\n<\/figure>\n\n\n\n<p><\/p>\n","protected":false},"excerpt":{"rendered":"<p>Une ambiance noir et blanc, un style working-girl \u00e0 la gar\u00e7onne. Les cheveux d\u00e9tach\u00e9s, un maquillage l\u00e9ger voire naturel, c&#8217;est un choix ! Amandine Rozier, la chor\u00e9graphe nous a offert une mise en sc\u00e8ne tr\u00e8s touchante cette ann\u00e9e. Elle a jou\u00e9 la carte de l&#8217;\u00e9motion. Elle a choisi seulement des artistes f\u00e9minines pour sa bande &hellip;<\/p>\n<p class=\"read-more\"> <a class=\"\" href=\"https:\/\/www.latroupelegendes.com\/index.php\/la-journee-des-droits-des-femmes-2023-respect\/\"> <span class=\"screen-reader-text\">La Journ\u00e9e des droits des femmes 2023 &#8211; Respect<\/span> Read More &raquo;<\/a><\/p>\n","protected":false},"author":1,"featured_media":0,"parent":0,"menu_order":0,"comment_status":"closed","ping_status":"closed","template":"","meta":{"site-sidebar-layout":"default","site-content-layout":"","ast-site-content-layout":"","site-content-style":"default","site-sidebar-style":"default","ast-global-header-display":"","ast-banner-title-visibility":"","ast-main-header-display":"","ast-hfb-above-header-display":"","ast-hfb-below-header-display":"","ast-hfb-mobile-header-display":"","site-post-title":"","ast-breadcrumbs-content":"","ast-featured-img":"","footer-sml-layout":"","theme-transparent-header-meta":"","adv-header-id-meta":"","stick-header-meta":"","header-above-stick-meta":"","header-main-stick-meta":"","header-below-stick-meta":"","astra-migrate-meta-layouts":"","ast-page-background-enabled":"default","ast-page-background-meta":{"desktop":{"background-color":"var(--ast-global-color-4)","background-image":"","background-repeat":"repeat","background-position":"center center","background-size":"auto","background-attachment":"scroll","background-type":"","background-media":"","overlay-type":"","overlay-color":"","overlay-gradient":""},"tablet":{"background-color":"","background-image":"","background-repeat":"repeat","background-position":"center center","background-size":"auto","background-attachment":"scroll","background-type":"","background-media":"","overlay-type":"","overlay-color":"","overlay-gradient":""},"mobile":{"background-color":"","background-image":"","background-repeat":"repeat","background-position":"center center","background-size":"auto","background-attachment":"scroll","background-type":"","background-media":"","overlay-type":"","overlay-color":"","overlay-gradient":""}},"ast-content-background-meta":{"desktop":{"background-color":"var(--ast-global-color-5)","background-image":"","background-repeat":"repeat","background-position":"center center","background-size":"auto","background-attachment":"scroll","background-type":"","background-media":"","overlay-type":"","overlay-color":"","overlay-gradient":""},"tablet":{"background-color":"var(--ast-global-color-5)","background-image":"","background-repeat":"repeat","background-position":"center center","background-size":"auto","background-attachment":"scroll","background-type":"","background-media":"","overlay-type":"","overlay-color":"","overlay-gradient":""},"mobile":{"background-color":"var(--ast-global-color-5)","background-image":"","background-repeat":"repeat","background-position":"center center","background-size":"auto","background-attachment":"scroll","background-type":"","background-media":"","overlay-type":"","overlay-color":"","overlay-gradient":""}},"footnotes":""},"class_list":["post-448","page","type-page","status-publish","hentry"],"_links":{"self":[{"href":"https:\/\/www.latroupelegendes.com\/index.php\/wp-json\/wp\/v2\/pages\/448","targetHints":{"allow":["GET"]}}],"collection":[{"href":"https:\/\/www.latroupelegendes.com\/index.php\/wp-json\/wp\/v2\/pages"}],"about":[{"href":"https:\/\/www.latroupelegendes.com\/index.php\/wp-json\/wp\/v2\/types\/page"}],"author":[{"embeddable":true,"href":"https:\/\/www.latroupelegendes.com\/index.php\/wp-json\/wp\/v2\/users\/1"}],"replies":[{"embeddable":true,"href":"https:\/\/www.latroupelegendes.com\/index.php\/wp-json\/wp\/v2\/comments?post=448"}],"version-history":[{"count":2,"href":"https:\/\/www.latroupelegendes.com\/index.php\/wp-json\/wp\/v2\/pages\/448\/revisions"}],"predecessor-version":[{"id":524,"href":"https:\/\/www.latroupelegendes.com\/index.php\/wp-json\/wp\/v2\/pages\/448\/revisions\/524"}],"wp:attachment":[{"href":"https:\/\/www.latroupelegendes.com\/index.php\/wp-json\/wp\/v2\/media?parent=448"}],"curies":[{"name":"wp","href":"https:\/\/api.w.org\/{rel}","templated":true}]}}