{"id":54,"date":"2024-12-04T10:51:10","date_gmt":"2024-12-04T09:51:10","guid":{"rendered":"http:\/\/www.latroupelegendes.com\/?page_id=54"},"modified":"2025-12-11T10:22:22","modified_gmt":"2025-12-11T09:22:22","slug":"qui-sommes-nous","status":"publish","type":"page","link":"https:\/\/www.latroupelegendes.com\/index.php\/qui-sommes-nous\/","title":{"rendered":"Qui sommes-nous ?"},"content":{"rendered":"\n<p>La troupe L\u00e9gendes est une association Loi 1901<\/p>\n\n\n\n<p>L&#8217;association L\u00e9gendes s&#8217;efforce en particulier de d\u00e9velopper la pratique de la danse et des autres pratiques culturelles et artistiques notamment autour des m\u00e9tiers du spectacle, elle organise et cr\u00e9e des spectacles vivants et audiovisuels autour de la danse, des arts et des m\u00e9tiers du spectacle.<\/p>\n\n\n\n<p>L&#8217;intention est de faire vivre une v\u00e9ritable \u00e9cole de spectacle. Danse, Th\u00e9\u00e2tre, Costumes, maquillage et d\u00e9cors. <\/p>\n\n\n\n<figure class=\"wp-block-image size-large is-resized\"><img loading=\"lazy\" decoding=\"async\" width=\"1024\" height=\"473\" src=\"https:\/\/www.latroupelegendes.com\/wp-content\/uploads\/2025\/12\/FinRapport2025-2-1024x473.jpg\" alt=\"\" class=\"wp-image-684\" style=\"width:1200px;height:auto\" srcset=\"https:\/\/www.latroupelegendes.com\/wp-content\/uploads\/2025\/12\/FinRapport2025-2-1024x473.jpg 1024w, https:\/\/www.latroupelegendes.com\/wp-content\/uploads\/2025\/12\/FinRapport2025-2-300x139.jpg 300w, https:\/\/www.latroupelegendes.com\/wp-content\/uploads\/2025\/12\/FinRapport2025-2-768x355.jpg 768w, https:\/\/www.latroupelegendes.com\/wp-content\/uploads\/2025\/12\/FinRapport2025-2-1536x709.jpg 1536w, https:\/\/www.latroupelegendes.com\/wp-content\/uploads\/2025\/12\/FinRapport2025-2.jpg 1600w\" sizes=\"auto, (max-width: 1024px) 100vw, 1024px\" \/><\/figure>\n\n\n\n<hr class=\"wp-block-separator has-alpha-channel-opacity\"\/>\n\n\n\n<h2 class=\"wp-block-heading\">Le Bureau de l&#8217;association L\u00e9gendes<\/h2>\n\n\n\n<div class=\"wp-block-media-text is-stacked-on-mobile\"><figure class=\"wp-block-media-text__media\"><img loading=\"lazy\" decoding=\"async\" width=\"1024\" height=\"683\" src=\"http:\/\/www.latroupelegendes.com\/wp-content\/uploads\/2024\/12\/IMG_2711-1-1024x683.jpg\" alt=\"\" class=\"wp-image-193 size-full\" srcset=\"https:\/\/www.latroupelegendes.com\/wp-content\/uploads\/2024\/12\/IMG_2711-1-1024x683.jpg 1024w, https:\/\/www.latroupelegendes.com\/wp-content\/uploads\/2024\/12\/IMG_2711-1-300x200.jpg 300w, https:\/\/www.latroupelegendes.com\/wp-content\/uploads\/2024\/12\/IMG_2711-1-768x512.jpg 768w, https:\/\/www.latroupelegendes.com\/wp-content\/uploads\/2024\/12\/IMG_2711-1-1536x1024.jpg 1536w, https:\/\/www.latroupelegendes.com\/wp-content\/uploads\/2024\/12\/IMG_2711-1-2048x1365.jpg 2048w\" sizes=\"auto, (max-width: 1024px) 100vw, 1024px\" \/><\/figure><div class=\"wp-block-media-text__content\">\n<p><strong>Pr\u00e9sident &#8211; Nicolas Schardt<\/strong><\/p>\n\n\n\n<p>Nicolas est ing\u00e9nieur et membre actif de l&#8217;association depuis 4 ans. Il est aussi chanteur amateur et g\u00e8re plusieurs groupes de musique locaux, il est membre de la chorale de Lafitte-Vigordane. Il a souhait\u00e9 s&#8217;investir davantage dans l&#8217;association L\u00e9gendes en se pr\u00e9sentant pour le r\u00f4le cl\u00e9 de pr\u00e9sident.<\/p>\n<\/div><\/div>\n\n\n\n<div class=\"wp-block-media-text is-stacked-on-mobile\"><figure class=\"wp-block-media-text__media\"><img loading=\"lazy\" decoding=\"async\" width=\"1024\" height=\"683\" src=\"http:\/\/www.latroupelegendes.com\/wp-content\/uploads\/2024\/12\/IMG_2756-1024x683.jpg\" alt=\"\" class=\"wp-image-339 size-full\" srcset=\"https:\/\/www.latroupelegendes.com\/wp-content\/uploads\/2024\/12\/IMG_2756-1024x683.jpg 1024w, https:\/\/www.latroupelegendes.com\/wp-content\/uploads\/2024\/12\/IMG_2756-300x200.jpg 300w, https:\/\/www.latroupelegendes.com\/wp-content\/uploads\/2024\/12\/IMG_2756-768x512.jpg 768w, https:\/\/www.latroupelegendes.com\/wp-content\/uploads\/2024\/12\/IMG_2756-1536x1024.jpg 1536w, https:\/\/www.latroupelegendes.com\/wp-content\/uploads\/2024\/12\/IMG_2756-2048x1365.jpg 2048w\" sizes=\"auto, (max-width: 1024px) 100vw, 1024px\" \/><\/figure><div class=\"wp-block-media-text__content\">\n<p><strong>Secr\u00e9taire &#8211; Sandrine Tsirenge<\/strong><\/p>\n\n\n\n<p>Sandrine travaille dans une enseigne du centre commercial de Carbonne, elle a connu l&#8217;association L\u00e9gendes lorsqu&#8217;elle travaillait pour la m\u00e9diath\u00e8que du Fousseret. Elle est devenue adh\u00e9rente et participe activement \u00e0 la vie et aux projets de l&#8217;association depuis.<\/p>\n<\/div><\/div>\n\n\n\n<div class=\"wp-block-media-text is-stacked-on-mobile\"><figure class=\"wp-block-media-text__media\"><img loading=\"lazy\" decoding=\"async\" width=\"1024\" height=\"683\" src=\"http:\/\/www.latroupelegendes.com\/wp-content\/uploads\/2024\/12\/IMG_2801-1024x683.jpg\" alt=\"\" class=\"wp-image-195 size-full\" srcset=\"https:\/\/www.latroupelegendes.com\/wp-content\/uploads\/2024\/12\/IMG_2801-1024x683.jpg 1024w, https:\/\/www.latroupelegendes.com\/wp-content\/uploads\/2024\/12\/IMG_2801-300x200.jpg 300w, https:\/\/www.latroupelegendes.com\/wp-content\/uploads\/2024\/12\/IMG_2801-768x512.jpg 768w, https:\/\/www.latroupelegendes.com\/wp-content\/uploads\/2024\/12\/IMG_2801-1536x1024.jpg 1536w, https:\/\/www.latroupelegendes.com\/wp-content\/uploads\/2024\/12\/IMG_2801-2048x1365.jpg 2048w\" sizes=\"auto, (max-width: 1024px) 100vw, 1024px\" \/><\/figure><div class=\"wp-block-media-text__content\">\n<p><strong>Tr\u00e9sori\u00e8re &#8211; Clarisse Gu\u00e9rault<\/strong><\/p>\n\n\n\n<p>Clarisse est tatoueuse \u00e0 Rieux-Volvestre. Elle s&#8217;investit sur les projets de l&#8217;association L\u00e9gendes que ce soit en tant que maquilleuse ou danseuse, et participe aussi \u00e0 l&#8217;organisation des diff\u00e9rents projets.<\/p>\n<\/div><\/div>\n\n\n\n<hr class=\"wp-block-separator has-alpha-channel-opacity\"\/>\n\n\n\n<h2 class=\"wp-block-heading\">La chor\u00e9graphe et metteuse en sc\u00e8ne<\/h2>\n\n\n\n<div class=\"wp-block-media-text is-stacked-on-mobile\"><figure class=\"wp-block-media-text__media\"><img loading=\"lazy\" decoding=\"async\" width=\"675\" height=\"936\" src=\"http:\/\/www.latroupelegendes.com\/wp-content\/uploads\/2024\/12\/IMG-20240721-WA0014.jpg\" alt=\"\" class=\"wp-image-246 size-full\" srcset=\"https:\/\/www.latroupelegendes.com\/wp-content\/uploads\/2024\/12\/IMG-20240721-WA0014.jpg 675w, https:\/\/www.latroupelegendes.com\/wp-content\/uploads\/2024\/12\/IMG-20240721-WA0014-216x300.jpg 216w\" sizes=\"auto, (max-width: 675px) 100vw, 675px\" \/><\/figure><div class=\"wp-block-media-text__content\">\n<p><strong>Amandine Rozier<\/strong><\/p>\n\n\n\n<p>Amandine a commenc\u00e9 sa carri\u00e8re en tant qu&#8217;artiste parade et character \u00e0 Disneyland Paris. Int\u00e9ress\u00e9e par le m\u00e9tier de chor\u00e9graphe, elle a pass\u00e9 du temps en village de vacances pour animer les soir\u00e9es \u00e0 th\u00e8me.<\/p>\n\n\n\n<p>Revenue en France et pouss\u00e9e par son d\u00e9sir de partage, elle devient animatrice socio-culturelle. Dans le m\u00eame temps, elle s&#8217;investit activement dans le monde associatif autour de la mise en sc\u00e8ne.<\/p>\n\n\n\n<p>Arriv\u00e9e en Haute-Garonne, elle relance sa passion pour la mise en sc\u00e8ne et la cr\u00e9ation de spectacle avec l&#8217;association L\u00e9gendes.<\/p>\n\n\n\n<p>Elle partage une exp\u00e9rience de plus de 20 ans dans le domaine de la chor\u00e9graphie et de la mise en sc\u00e8ne.<\/p>\n<\/div><\/div>\n\n\n\n<hr class=\"wp-block-separator has-alpha-channel-opacity\"\/>\n\n\n\n<p>T\u00e9l\u00e9charger notre rapport des activit\u00e9s 2025<\/p>\n\n\n\n<div data-wp-interactive=\"core\/file\" class=\"wp-block-file\"><object data-wp-bind--hidden=\"!state.hasPdfPreview\" hidden class=\"wp-block-file__embed\" data=\"https:\/\/www.latroupelegendes.com\/wp-content\/uploads\/2025\/12\/RapportLegendes2025.pdf\" type=\"application\/pdf\" style=\"width:100%;height:600px\" aria-label=\"Embed of RapportLegendes2025.\"><\/object><a id=\"wp-block-file--media-7ec3de2d-f9e9-49c3-9d07-858c92bceb41\" href=\"https:\/\/www.latroupelegendes.com\/wp-content\/uploads\/2025\/12\/RapportLegendes2025.pdf\">RapportLegendes2025<\/a><a href=\"https:\/\/www.latroupelegendes.com\/wp-content\/uploads\/2025\/12\/RapportLegendes2025.pdf\" class=\"wp-block-file__button wp-element-button\" download aria-describedby=\"wp-block-file--media-7ec3de2d-f9e9-49c3-9d07-858c92bceb41\">T\u00e9l\u00e9charger<\/a><\/div>\n","protected":false},"excerpt":{"rendered":"<p>La troupe L\u00e9gendes est une association Loi 1901 L&#8217;association L\u00e9gendes s&#8217;efforce en particulier de d\u00e9velopper la pratique de la danse et des autres pratiques culturelles et artistiques notamment autour des m\u00e9tiers du spectacle, elle organise et cr\u00e9e des spectacles vivants et audiovisuels autour de la danse, des arts et des m\u00e9tiers du spectacle. L&#8217;intention est &hellip;<\/p>\n<p class=\"read-more\"> <a class=\"\" href=\"https:\/\/www.latroupelegendes.com\/index.php\/qui-sommes-nous\/\"> <span class=\"screen-reader-text\">Qui sommes-nous ?<\/span> Read More &raquo;<\/a><\/p>\n","protected":false},"author":1,"featured_media":0,"parent":0,"menu_order":0,"comment_status":"closed","ping_status":"closed","template":"","meta":{"site-sidebar-layout":"default","site-content-layout":"","ast-site-content-layout":"","site-content-style":"default","site-sidebar-style":"default","ast-global-header-display":"","ast-banner-title-visibility":"","ast-main-header-display":"","ast-hfb-above-header-display":"","ast-hfb-below-header-display":"","ast-hfb-mobile-header-display":"","site-post-title":"","ast-breadcrumbs-content":"","ast-featured-img":"","footer-sml-layout":"","theme-transparent-header-meta":"","adv-header-id-meta":"","stick-header-meta":"","header-above-stick-meta":"","header-main-stick-meta":"","header-below-stick-meta":"","astra-migrate-meta-layouts":"","ast-page-background-enabled":"default","ast-page-background-meta":{"desktop":{"background-color":"var(--ast-global-color-4)","background-image":"","background-repeat":"repeat","background-position":"center center","background-size":"auto","background-attachment":"scroll","background-type":"","background-media":"","overlay-type":"","overlay-color":"","overlay-gradient":""},"tablet":{"background-color":"","background-image":"","background-repeat":"repeat","background-position":"center center","background-size":"auto","background-attachment":"scroll","background-type":"","background-media":"","overlay-type":"","overlay-color":"","overlay-gradient":""},"mobile":{"background-color":"","background-image":"","background-repeat":"repeat","background-position":"center center","background-size":"auto","background-attachment":"scroll","background-type":"","background-media":"","overlay-type":"","overlay-color":"","overlay-gradient":""}},"ast-content-background-meta":{"desktop":{"background-color":"var(--ast-global-color-5)","background-image":"","background-repeat":"repeat","background-position":"center center","background-size":"auto","background-attachment":"scroll","background-type":"","background-media":"","overlay-type":"","overlay-color":"","overlay-gradient":""},"tablet":{"background-color":"var(--ast-global-color-5)","background-image":"","background-repeat":"repeat","background-position":"center center","background-size":"auto","background-attachment":"scroll","background-type":"","background-media":"","overlay-type":"","overlay-color":"","overlay-gradient":""},"mobile":{"background-color":"var(--ast-global-color-5)","background-image":"","background-repeat":"repeat","background-position":"center center","background-size":"auto","background-attachment":"scroll","background-type":"","background-media":"","overlay-type":"","overlay-color":"","overlay-gradient":""}},"footnotes":""},"class_list":["post-54","page","type-page","status-publish","hentry"],"_links":{"self":[{"href":"https:\/\/www.latroupelegendes.com\/index.php\/wp-json\/wp\/v2\/pages\/54","targetHints":{"allow":["GET"]}}],"collection":[{"href":"https:\/\/www.latroupelegendes.com\/index.php\/wp-json\/wp\/v2\/pages"}],"about":[{"href":"https:\/\/www.latroupelegendes.com\/index.php\/wp-json\/wp\/v2\/types\/page"}],"author":[{"embeddable":true,"href":"https:\/\/www.latroupelegendes.com\/index.php\/wp-json\/wp\/v2\/users\/1"}],"replies":[{"embeddable":true,"href":"https:\/\/www.latroupelegendes.com\/index.php\/wp-json\/wp\/v2\/comments?post=54"}],"version-history":[{"count":14,"href":"https:\/\/www.latroupelegendes.com\/index.php\/wp-json\/wp\/v2\/pages\/54\/revisions"}],"predecessor-version":[{"id":691,"href":"https:\/\/www.latroupelegendes.com\/index.php\/wp-json\/wp\/v2\/pages\/54\/revisions\/691"}],"wp:attachment":[{"href":"https:\/\/www.latroupelegendes.com\/index.php\/wp-json\/wp\/v2\/media?parent=54"}],"curies":[{"name":"wp","href":"https:\/\/api.w.org\/{rel}","templated":true}]}}